{"id":6178,"date":"2025-06-17T10:47:10","date_gmt":"2025-06-17T08:47:10","guid":{"rendered":"https:\/\/anteus.hu\/?page_id=6178"},"modified":"2025-06-17T16:29:20","modified_gmt":"2025-06-17T14:29:20","slug":"30-tage-demo","status":"publish","type":"page","link":"https:\/\/anteus.hu\/de\/vallalati-beleptetes\/30-nap-demo\/","title":{"rendered":"30 Tage Demo"},"content":{"rendered":"\t\t<div data-elementor-type=\"wp-page\" data-elementor-id=\"6178\" class=\"elementor elementor-6178\" data-elementor-post-type=\"page\">\n\t\t\t\t<div class=\"elementor-element elementor-element-e51569c e-flex e-con-boxed e-con e-parent\" data-id=\"e51569c\" data-element_type=\"container\" data-e-type=\"container\">\n\t\t\t\t\t<div class=\"e-con-inner\">\n\t\t\t\t<div class=\"elementor-element elementor-element-c49667f animated-slow elementor-invisible elementor-widget elementor-widget-text-editor\" data-id=\"c49667f\" data-element_type=\"widget\" data-e-type=\"widget\" data-settings=\"{&quot;_animation&quot;:&quot;fadeIn&quot;}\" data-widget_type=\"text-editor.default\">\n\t\t\t\t<div class=\"elementor-widget-container\">\n\t\t\t\t\t\t\t\t\t<h2>OfficeControl 30 napos pr\u00f3baverzi\u00f3 ig\u00e9nyl\u00e9se<\/h2>\t\t\t\t\t\t\t\t<\/div>\n\t\t\t\t<\/div>\n\t\t\t\t\t<\/div>\n\t\t\t\t<\/div>\n\t\t<div class=\"elementor-element elementor-element-af47aca e-flex e-con-boxed e-con e-parent\" data-id=\"af47aca\" data-element_type=\"container\" data-e-type=\"container\">\n\t\t\t\t\t<div class=\"e-con-inner\">\n\t\t<div class=\"elementor-element elementor-element-06cbb33 e-con-full e-flex e-con e-child\" data-id=\"06cbb33\" data-element_type=\"container\" data-e-type=\"container\" data-settings=\"{&quot;background_background&quot;:&quot;classic&quot;}\">\n\t\t\t\t<div class=\"elementor-element elementor-element-8e10349 animated-slow elementor-invisible elementor-widget elementor-widget-heading\" data-id=\"8e10349\" data-element_type=\"widget\" data-e-type=\"widget\" data-settings=\"{&quot;_animation&quot;:&quot;fadeIn&quot;}\" data-widget_type=\"heading.default\">\n\t\t\t\t<div class=\"elementor-widget-container\">\n\t\t\t\t\t<h3 class=\"elementor-heading-title elementor-size-default\">Pr\u00f3b\u00e1lja ki most \ningyenesen<span style=\"color: #E60000\">!<\/span><\/h3>\t\t\t\t<\/div>\n\t\t\t\t<\/div>\n\t\t\t\t<div class=\"elementor-element elementor-element-275e882 elementor-widget elementor-widget-text-editor\" data-id=\"275e882\" data-element_type=\"widget\" data-e-type=\"widget\" data-widget_type=\"text-editor.default\">\n\t\t\t\t<div class=\"elementor-widget-container\">\n\t\t\t\t\t\t\t\t\t<ul><li>T\u00f6ltse ki az al\u00e1bbi \u0171rlapot. K\u00fcl\u00f6n\u00f6sen figyeljen az adatok helyess\u00e9g\u00e9re!<\/li><li>Az adatok megad\u00e1sa ut\u00e1n munkat\u00e1rsunk felveszi \u00d6nnel a kapcsolatot \u00e9s egyeztet az ig\u00e9nyekr\u0151l, illetve t\u00e1j\u00e9koztatja \u00d6nt a 30 napos pr\u00f3baverzi\u00f3 ig\u00e9nybev\u00e9tel\u00e9nek menet\u00e9r\u0151l<\/li><li>Ez ut\u00e1n \u00d6n megkapja az OfficeControlt 30 napra \u2013 a pr\u00f3ba verzi\u00f3 100%-ban megegyezik a v\u00e9gleges v\u00e1ltozattal, funckion\u00e1lis korl\u00e1tai nincsenek!<\/li><li>A 30 nap letelt\u00e9vel \u00d6n eld\u00f6ntheti, hogy szeretn\u00e9-e haszn\u00e1lni a rendszert \u2013 a DEMO verzi\u00f3 30 nap ut\u00e1n el\u00e9rhetetlenn\u00e9 v\u00e1lik az \u00d6n sz\u00e1m\u00e1ra!<\/li><\/ul>\t\t\t\t\t\t\t\t<\/div>\n\t\t\t\t<\/div>\n\t\t\t\t<div class=\"elementor-element elementor-element-7443fdd elementor-widget elementor-widget-spacer\" data-id=\"7443fdd\" data-element_type=\"widget\" data-e-type=\"widget\" data-widget_type=\"spacer.default\">\n\t\t\t\t<div class=\"elementor-widget-container\">\n\t\t\t\t\t\t\t<div class=\"elementor-spacer\">\n\t\t\t<div class=\"elementor-spacer-inner\"><\/div>\n\t\t<\/div>\n\t\t\t\t\t\t<\/div>\n\t\t\t\t<\/div>\n\t\t\t\t<div class=\"elementor-element elementor-element-9ef31cf elementor-absolute elementor-widget elementor-widget-image\" data-id=\"9ef31cf\" data-element_type=\"widget\" data-e-type=\"widget\" data-settings=\"{&quot;_position&quot;:&quot;absolute&quot;}\" data-widget_type=\"image.default\">\n\t\t\t\t<div class=\"elementor-widget-container\">\n\t\t\t\t\t\t\t\t\t\t\t\t\t\t\t<img fetchpriority=\"high\" decoding=\"async\" src=\"https:\/\/anteus.hu\/wp-content\/uploads\/2025\/01\/anteus-logo-white-3.png\" height=\"110\" width=\"512\" srcset=\"https:\/\/anteus.hu\/wp-content\/uploads\/2025\/01\/anteus-logo-white-3.png 512w, https:\/\/anteus.hu\/wp-content\/uploads\/2025\/01\/anteus-logo-white-3-300x64.png 300w, https:\/\/anteus.hu\/wp-content\/uploads\/2025\/01\/anteus-logo-white-3-18x4.png 18w\" sizes=\"(max-width: 512px) 100vw, 512px\" class=\"attachment-large size-large wp-image-3088 sp-no-webp\" alt=\"\"> \t\t\t\t\t\t\t\t\t\t\t\t\t\t\t<\/div>\n\t\t\t\t<\/div>\n\t\t\t\t<\/div>\n\t\t<div class=\"elementor-element elementor-element-3fce86c e-con-full e-flex e-con e-child\" data-id=\"3fce86c\" data-element_type=\"container\" data-e-type=\"container\">\n\t\t\t\t<div class=\"elementor-element elementor-element-66efea7 elementor-button-align-start elementor-mobile-button-align-stretch elementor-widget elementor-widget-form\" data-id=\"66efea7\" data-element_type=\"widget\" data-e-type=\"widget\" data-settings=\"{&quot;step_next_label&quot;:&quot;K\\u00f6vetkez\\u0151&quot;,&quot;step_previous_label&quot;:&quot;El\\u0151z\\u0151&quot;,&quot;button_width&quot;:&quot;100&quot;,&quot;step_type&quot;:&quot;number_text&quot;,&quot;step_icon_shape&quot;:&quot;circle&quot;}\" data-widget_type=\"form.default\">\n\t\t\t\t<div class=\"elementor-widget-container\">\n\t\t\t\t\t\t\t<form class=\"elementor-form\" method=\"post\" name=\"30 Napos demo\" aria-label=\"30 Napos demo\">\n\t\t\t<input type=\"hidden\" name=\"post_id\" value=\"6178\"\/>\n\t\t\t<input type=\"hidden\" name=\"form_id\" value=\"66efea7\"\/>\n\t\t\t<input type=\"hidden\" name=\"referer_title\" value=\"Anteus\" \/>\n\n\t\t\t\n\t\t\t<div class=\"elementor-form-fields-wrapper elementor-labels-above\">\n\t\t\t\t\t\t\t\t<div class=\"elementor-field-type-hidden elementor-field-group elementor-column elementor-field-group-field_0486247 elementor-col-100\">\n\t\t\t\t\t\t\t\t\t\t\t\t\t<input size=\"1\" type=\"hidden\" name=\"form_fields[field_0486247]\" id=\"form-field-field_0486247\" class=\"elementor-field elementor-size-sm  elementor-field-textual\">\n\t\t\t\t\t\t\t\t\t\t\t<\/div>\n\t\t\t\t\t\t\t\t<div class=\"elementor-field-type-html elementor-field-group elementor-column elementor-field-group-field_e0408ae elementor-col-100\">\n\t\t\t\t\t\u00c1ltal\u00e1nos adatok\t\t\t\t<\/div>\n\t\t\t\t\t\t\t\t<div class=\"elementor-field-type-email elementor-field-group elementor-column elementor-field-group-email elementor-col-100 elementor-field-required elementor-mark-required\">\n\t\t\t\t\t\t\t\t\t\t\t\t<label for=\"form-field-email\" class=\"elementor-field-label\">\n\t\t\t\t\t\t\t\tE-mail c\u00edm\t\t\t\t\t\t\t<\/label>\n\t\t\t\t\t\t\t\t\t\t\t\t\t\t<input size=\"1\" type=\"email\" name=\"form_fields[email]\" id=\"form-field-email\" class=\"elementor-field elementor-size-sm  elementor-field-textual\" placeholder=\"E-mail c\u00edm\" required=\"required\">\n\t\t\t\t\t\t\t\t\t\t\t<\/div>\n\t\t\t\t\t\t\t\t<div class=\"elementor-field-type-text elementor-field-group elementor-column elementor-field-group-name elementor-col-50 elementor-field-required elementor-mark-required\">\n\t\t\t\t\t\t\t\t\t\t\t\t<label for=\"form-field-name\" class=\"elementor-field-label\">\n\t\t\t\t\t\t\t\tVezet\u00e9kn\u00e9v\t\t\t\t\t\t\t<\/label>\n\t\t\t\t\t\t\t\t\t\t\t\t\t\t<input size=\"1\" type=\"text\" name=\"form_fields[name]\" id=\"form-field-name\" class=\"elementor-field elementor-size-sm  elementor-field-textual\" placeholder=\"Vezet\u00e9kn\u00e9v\" required=\"required\">\n\t\t\t\t\t\t\t\t\t\t\t<\/div>\n\t\t\t\t\t\t\t\t<div class=\"elementor-field-type-text elementor-field-group elementor-column elementor-field-group-field_78b549d elementor-col-50 elementor-field-required elementor-mark-required\">\n\t\t\t\t\t\t\t\t\t\t\t\t<label for=\"form-field-field_78b549d\" class=\"elementor-field-label\">\n\t\t\t\t\t\t\t\tKeresztn\u00e9v\t\t\t\t\t\t\t<\/label>\n\t\t\t\t\t\t\t\t\t\t\t\t\t\t<input size=\"1\" type=\"text\" name=\"form_fields[field_78b549d]\" id=\"form-field-field_78b549d\" class=\"elementor-field elementor-size-sm  elementor-field-textual\" placeholder=\"Keresztn\u00e9v\" required=\"required\">\n\t\t\t\t\t\t\t\t\t\t\t<\/div>\n\t\t\t\t\t\t\t\t<div class=\"elementor-field-type-tel elementor-field-group elementor-column elementor-field-group-field_04f5b2k elementor-col-50\">\n\t\t\t\t\t\t\t\t\t\t\t\t<label for=\"form-field-field_04f5b2k\" class=\"elementor-field-label\">\n\t\t\t\t\t\t\t\tKapcsolattart\u00f3 telefonsz\u00e1ma\t\t\t\t\t\t\t<\/label>\n\t\t\t\t\t\t\t\t<input size=\"1\" type=\"tel\" name=\"form_fields[field_04f5b2k]\" id=\"form-field-field_04f5b2k\" class=\"elementor-field elementor-size-sm  elementor-field-textual\" placeholder=\"Telefonsz\u00e1m\" pattern=\"[0-9()#&amp;+*-=.]+\" title=\"Only numbers and phone characters (#, -, *, etc) are accepted.\">\n\n\t\t\t\t\t\t<\/div>\n\t\t\t\t\t\t\t\t<div class=\"elementor-field-type-html elementor-field-group elementor-column elementor-field-group-field_35a364a elementor-col-100\">\n\t\t\t\t\t<br>C\u00e9gre vonatkoz\u00f3 adatok\n<style =\"border-bottom: 1px solid #000;\"><\/style>\t\t\t\t<\/div>\n\t\t\t\t\t\t\t\t<div class=\"elementor-field-type-number elementor-field-group elementor-column elementor-field-group-field_df784f4 elementor-col-40 elementor-field-required elementor-mark-required\">\n\t\t\t\t\t\t\t\t\t\t\t\t<label for=\"form-field-field_df784f4\" class=\"elementor-field-label\">\n\t\t\t\t\t\t\t\tC\u00e9g sz\u00e9khely\u00e9nek ir\u00e1ny\u00edt\u00f3sz\u00e1ma\t\t\t\t\t\t\t<\/label>\n\t\t\t\t\t\t\t\t\t<input type=\"number\" name=\"form_fields[field_df784f4]\" id=\"form-field-field_df784f4\" class=\"elementor-field elementor-size-sm  elementor-field-textual\" placeholder=\"Ir\u00e1ny\u00edt\u00f3sz\u00e1m\" required=\"required\" min=\"\" max=\"\" >\n\t\t\t\t\t\t<\/div>\n\t\t\t\t\t\t\t\t<div class=\"elementor-field-type-text elementor-field-group elementor-column elementor-field-group-field_08833d2 elementor-col-60 elementor-field-required elementor-mark-required\">\n\t\t\t\t\t\t\t\t\t\t\t\t<label for=\"form-field-field_08833d2\" class=\"elementor-field-label\">\n\t\t\t\t\t\t\t\tC\u00e9g sz\u00e9khely\u00e9nek v\u00e1rosa\t\t\t\t\t\t\t<\/label>\n\t\t\t\t\t\t\t\t\t\t\t\t\t\t<input size=\"1\" type=\"text\" name=\"form_fields[field_08833d2]\" id=\"form-field-field_08833d2\" class=\"elementor-field elementor-size-sm  elementor-field-textual\" placeholder=\"V\u00e1ros\" required=\"required\">\n\t\t\t\t\t\t\t\t\t\t\t<\/div>\n\t\t\t\t\t\t\t\t<div class=\"elementor-field-type-text elementor-field-group elementor-column elementor-field-group-field_0ddfca6 elementor-col-100 elementor-field-required elementor-mark-required\">\n\t\t\t\t\t\t\t\t\t\t\t\t<label for=\"form-field-field_0ddfca6\" class=\"elementor-field-label\">\n\t\t\t\t\t\t\t\tC\u00e9g sz\u00e9khely\u00e9nek pontos c\u00edme\t\t\t\t\t\t\t<\/label>\n\t\t\t\t\t\t\t\t\t\t\t\t\t\t<input size=\"1\" type=\"text\" name=\"form_fields[field_0ddfca6]\" id=\"form-field-field_0ddfca6\" class=\"elementor-field elementor-size-sm  elementor-field-textual\" placeholder=\"Utca, h\u00e1zsz\u00e1m\" required=\"required\">\n\t\t\t\t\t\t\t\t\t\t\t<\/div>\n\t\t\t\t\t\t\t\t<div class=\"elementor-field-type-text elementor-field-group elementor-column elementor-field-group-field_588000b elementor-col-50 elementor-field-required elementor-mark-required\">\n\t\t\t\t\t\t\t\t\t\t\t\t<label for=\"form-field-field_588000b\" class=\"elementor-field-label\">\n\t\t\t\t\t\t\t\tC\u00e9g ad\u00f3sz\u00e1ma\t\t\t\t\t\t\t<\/label>\n\t\t\t\t\t\t\t\t\t\t\t\t\t\t<input size=\"1\" type=\"text\" name=\"form_fields[field_588000b]\" id=\"form-field-field_588000b\" class=\"elementor-field elementor-size-sm  elementor-field-textual\" placeholder=\"Ad\u00f3sz\u00e1m\" required=\"required\">\n\t\t\t\t\t\t\t\t\t\t\t<\/div>\n\t\t\t\t\t\t\t\t<div class=\"elementor-field-type-number elementor-field-group elementor-column elementor-field-group-field_04f9e3k elementor-col-50\">\n\t\t\t\t\t\t\t\t\t\t\t\t<label for=\"form-field-field_04f9e3k\" class=\"elementor-field-label\">\n\t\t\t\t\t\t\t\tDolgoz\u00f3k sz\u00e1ma\t\t\t\t\t\t\t<\/label>\n\t\t\t\t\t\t\t\t\t<input type=\"number\" name=\"form_fields[field_04f9e3k]\" id=\"form-field-field_04f9e3k\" class=\"elementor-field elementor-size-sm  elementor-field-textual\" placeholder=\"Dolgoz\u00f3k sz\u00e1ma\" min=\"\" max=\"\" >\n\t\t\t\t\t\t<\/div>\n\t\t\t\t\t\t\t\t<div class=\"elementor-field-type-acceptance elementor-field-group elementor-column elementor-field-group-field_108165k elementor-col-100 elementor-field-required elementor-mark-required\">\n\t\t\t\t\t\t\t<div class=\"elementor-field-subgroup\">\n\t\t\t<span class=\"elementor-field-option\">\n\t\t\t\t<input type=\"checkbox\" name=\"form_fields[field_108165k]\" id=\"form-field-field_108165k\" class=\"elementor-field elementor-size-sm  elementor-acceptance-field\" required=\"required\">\n\t\t\t\t<label for=\"form-field-field_108165k\">Elolvastam, meg\u00e9rtettem \u00e9s elfogadom az <a style=\"text-decoration: underline;\" href=\"\/adatvedelmi-tajekoztato\" target=\"_blank\">Adatkezel\u00e9si t\u00e1j\u00e9koztat\u00f3ban<\/a> foglaltakat.<\/label>\t\t\t<\/span>\n\t\t<\/div>\n\t\t\t\t\t\t<\/div>\n\t\t\t\t\t\t\t\t<div class=\"elementor-field-type-recaptcha_v3 elementor-field-group elementor-column elementor-field-group-field_079ec15 elementor-col-100 recaptcha_v3-bottomright\">\n\t\t\t\t\t<div class=\"elementor-field\" id=\"form-field-field_079ec15\"><div class=\"elementor-g-recaptcha\" data-sitekey=\"6LcVLxArAAAAAE3X6OStN2BzaheI3fzSpI5L6zia\" data-type=\"v3\" data-action=\"Form\" data-badge=\"bottomright\" data-size=\"invisible\"><\/div><\/div>\t\t\t\t<\/div>\n\t\t\t\t\t\t\t\t<div class=\"elementor-field-group elementor-column elementor-field-type-submit elementor-col-100 e-form__buttons\">\n\t\t\t\t\t<button class=\"elementor-button elementor-size-sm\" type=\"submit\">\n\t\t\t\t\t\t<span class=\"elementor-button-content-wrapper\">\n\t\t\t\t\t\t\t\t\t\t\t\t\t\t\t\t\t\t\t\t\t\t<span class=\"elementor-button-text\">K\u00fcld\u00e9s<\/span>\n\t\t\t\t\t\t\t\t\t\t\t\t\t<\/span>\n\t\t\t\t\t<\/button>\n\t\t\t\t<\/div>\n\t\t\t<\/div>\n\t\t<\/form>\n\t\t\t\t\t\t<\/div>\n\t\t\t\t<\/div>\n\t\t\t\t<\/div>\n\t\t\t\t\t<\/div>\n\t\t\t\t<\/div>\n\t\t<div class=\"elementor-element elementor-element-6e9f22c e-con-full e-flex e-con e-parent\" data-id=\"6e9f22c\" data-element_type=\"container\" data-e-type=\"container\">\n\t\t\t\t<\/div>\n\t\t\t\t<\/div>\n\t\t","protected":false},"excerpt":{"rendered":"<p>OfficeControl 30 napos pr\u00f3baverzi\u00f3 ig\u00e9nyl\u00e9se Pr\u00f3b\u00e1lja ki most ingyenesen! T\u00f6ltse ki az al\u00e1bbi \u0171rlapot. K\u00fcl\u00f6n\u00f6sen figyeljen az adatok helyess\u00e9g\u00e9re! Az adatok megad\u00e1sa ut\u00e1n munkat\u00e1rsunk felveszi \u00d6nnel a kapcsolatot \u00e9s egyeztet az ig\u00e9nyekr\u0151l, illetve t\u00e1j\u00e9koztatja \u00d6nt a 30 napos pr\u00f3baverzi\u00f3 ig\u00e9nybev\u00e9tel\u00e9nek menet\u00e9r\u0151l Ez ut\u00e1n \u00d6n megkapja az OfficeControlt 30 napra \u2013 a pr\u00f3ba verzi\u00f3 100%-ban megegyezik [&hellip;]<\/p>\n","protected":false},"author":2,"featured_media":0,"parent":2389,"menu_order":0,"comment_status":"closed","ping_status":"closed","template":"elementor_header_footer","meta":{"footnotes":""},"class_list":["post-6178","page","type-page","status-publish","hentry"],"yoast_head":"<!-- This site is optimized with the Yoast SEO Premium plugin v27.0 (Yoast SEO v27.5) - https:\/\/yoast.com\/product\/yoast-seo-premium-wordpress\/ -->\n<title>30 nap demo - Anteus<\/title>\n<meta name=\"robots\" content=\"index, follow, max-snippet:-1, max-image-preview:large, max-video-preview:-1\" \/>\n<link rel=\"canonical\" href=\"https:\/\/anteus.hu\/de\/zutrittskontrolle-firma\/30-tage-demo\/\" \/>\n<meta property=\"og:locale\" content=\"de_DE\" \/>\n<meta property=\"og:type\" content=\"article\" \/>\n<meta property=\"og:title\" content=\"30 nap demo\" \/>\n<meta property=\"og:description\" content=\"OfficeControl 30 napos pr\u00f3baverzi\u00f3 ig\u00e9nyl\u00e9se Pr\u00f3b\u00e1lja ki most ingyenesen! T\u00f6ltse ki az al\u00e1bbi \u0171rlapot. K\u00fcl\u00f6n\u00f6sen figyeljen az adatok helyess\u00e9g\u00e9re! Az adatok megad\u00e1sa ut\u00e1n munkat\u00e1rsunk felveszi \u00d6nnel a kapcsolatot \u00e9s egyeztet az ig\u00e9nyekr\u0151l, illetve t\u00e1j\u00e9koztatja \u00d6nt a 30 napos pr\u00f3baverzi\u00f3 ig\u00e9nybev\u00e9tel\u00e9nek menet\u00e9r\u0151l Ez ut\u00e1n \u00d6n megkapja az OfficeControlt 30 napra \u2013 a pr\u00f3ba verzi\u00f3 100%-ban megegyezik [&hellip;]\" \/>\n<meta property=\"og:url\" content=\"https:\/\/anteus.hu\/de\/zutrittskontrolle-firma\/30-tage-demo\/\" \/>\n<meta property=\"og:site_name\" content=\"Anteus\" \/>\n<meta property=\"article:publisher\" content=\"https:\/\/www.facebook.com\/anteushungary\" \/>\n<meta property=\"article:modified_time\" content=\"2025-06-17T14:29:20+00:00\" \/>\n<meta property=\"og:image\" content=\"https:\/\/anteus.hu\/wp-content\/uploads\/2025\/01\/anteus-logo-white-3.png\" \/>\n\t<meta property=\"og:image:width\" content=\"512\" \/>\n\t<meta property=\"og:image:height\" content=\"110\" \/>\n\t<meta property=\"og:image:type\" content=\"image\/png\" \/>\n<meta name=\"twitter:card\" content=\"summary_large_image\" \/>\n<meta name=\"twitter:label1\" content=\"Gesch\u00e4tzte Lesezeit\" \/>\n\t<meta name=\"twitter:data1\" content=\"1\u00a0Minute\" \/>\n<script type=\"application\/ld+json\" class=\"yoast-schema-graph\">{\"@context\":\"https:\\\/\\\/schema.org\",\"@graph\":[{\"@type\":\"WebPage\",\"@id\":\"https:\\\/\\\/anteus.hu\\\/vallalati-beleptetes\\\/30-nap-demo\\\/\",\"url\":\"https:\\\/\\\/anteus.hu\\\/vallalati-beleptetes\\\/30-nap-demo\\\/\",\"name\":\"30 nap demo - Anteus\",\"isPartOf\":{\"@id\":\"https:\\\/\\\/anteus.hu\\\/#website\"},\"primaryImageOfPage\":{\"@id\":\"https:\\\/\\\/anteus.hu\\\/vallalati-beleptetes\\\/30-nap-demo\\\/#primaryimage\"},\"image\":{\"@id\":\"https:\\\/\\\/anteus.hu\\\/vallalati-beleptetes\\\/30-nap-demo\\\/#primaryimage\"},\"thumbnailUrl\":\"https:\\\/\\\/anteus.hu\\\/wp-content\\\/uploads\\\/2025\\\/01\\\/anteus-logo-white-3.png\",\"datePublished\":\"2025-06-17T08:47:10+00:00\",\"dateModified\":\"2025-06-17T14:29:20+00:00\",\"breadcrumb\":{\"@id\":\"https:\\\/\\\/anteus.hu\\\/vallalati-beleptetes\\\/30-nap-demo\\\/#breadcrumb\"},\"inLanguage\":\"de\",\"potentialAction\":[{\"@type\":\"ReadAction\",\"target\":[\"https:\\\/\\\/anteus.hu\\\/vallalati-beleptetes\\\/30-nap-demo\\\/\"]}]},{\"@type\":\"ImageObject\",\"inLanguage\":\"de\",\"@id\":\"https:\\\/\\\/anteus.hu\\\/vallalati-beleptetes\\\/30-nap-demo\\\/#primaryimage\",\"url\":\"https:\\\/\\\/anteus.hu\\\/wp-content\\\/uploads\\\/2025\\\/01\\\/anteus-logo-white-3.png\",\"contentUrl\":\"https:\\\/\\\/anteus.hu\\\/wp-content\\\/uploads\\\/2025\\\/01\\\/anteus-logo-white-3.png\"},{\"@type\":\"BreadcrumbList\",\"@id\":\"https:\\\/\\\/anteus.hu\\\/vallalati-beleptetes\\\/30-nap-demo\\\/#breadcrumb\",\"itemListElement\":[{\"@type\":\"ListItem\",\"position\":1,\"name\":\"Kezd\u0151lap\",\"item\":\"https:\\\/\\\/anteus.hu\\\/\"},{\"@type\":\"ListItem\",\"position\":2,\"name\":\"V\u00e1llalati-bel\u00e9ptet\u00e9s\",\"item\":\"https:\\\/\\\/anteus.hu\\\/vallalati-beleptetes\\\/\"},{\"@type\":\"ListItem\",\"position\":3,\"name\":\"30 nap demo\"}]},{\"@type\":\"WebSite\",\"@id\":\"https:\\\/\\\/anteus.hu\\\/#website\",\"url\":\"https:\\\/\\\/anteus.hu\\\/\",\"name\":\"Anteus\",\"description\":\"Maxim\u00e1lis biztons\u00e1g. G\u00f6rd\u00fcl\u00e9keny parkol\u00e1s.\",\"publisher\":{\"@id\":\"https:\\\/\\\/anteus.hu\\\/#organization\"},\"potentialAction\":[{\"@type\":\"SearchAction\",\"target\":{\"@type\":\"EntryPoint\",\"urlTemplate\":\"https:\\\/\\\/anteus.hu\\\/?s={search_term_string}\"},\"query-input\":{\"@type\":\"PropertyValueSpecification\",\"valueRequired\":true,\"valueName\":\"search_term_string\"}}],\"inLanguage\":\"de\"},{\"@type\":\"Organization\",\"@id\":\"https:\\\/\\\/anteus.hu\\\/#organization\",\"name\":\"Anteus\",\"url\":\"https:\\\/\\\/anteus.hu\\\/\",\"logo\":{\"@type\":\"ImageObject\",\"inLanguage\":\"de\",\"@id\":\"https:\\\/\\\/anteus.hu\\\/#\\\/schema\\\/logo\\\/image\\\/\",\"url\":\"https:\\\/\\\/anteus.hu\\\/wp-content\\\/uploads\\\/2024\\\/10\\\/cropped-anteus-logo.png\",\"contentUrl\":\"https:\\\/\\\/anteus.hu\\\/wp-content\\\/uploads\\\/2024\\\/10\\\/cropped-anteus-logo.png\",\"width\":365,\"height\":96,\"caption\":\"Anteus\"},\"image\":{\"@id\":\"https:\\\/\\\/anteus.hu\\\/#\\\/schema\\\/logo\\\/image\\\/\"},\"sameAs\":[\"https:\\\/\\\/www.facebook.com\\\/anteushungary\"]}]}<\/script>\n<!-- \/ Yoast SEO Premium plugin. -->","yoast_head_json":{"title":"30-Tage-Demo - Anteus","robots":{"index":"index","follow":"follow","max-snippet":"max-snippet:-1","max-image-preview":"max-image-preview:large","max-video-preview":"max-video-preview:-1"},"canonical":"https:\/\/anteus.hu\/de\/zutrittskontrolle-firma\/30-tage-demo\/","og_locale":"de_DE","og_type":"article","og_title":"30 nap demo","og_description":"OfficeControl 30 napos pr\u00f3baverzi\u00f3 ig\u00e9nyl\u00e9se Pr\u00f3b\u00e1lja ki most ingyenesen! T\u00f6ltse ki az al\u00e1bbi \u0171rlapot. K\u00fcl\u00f6n\u00f6sen figyeljen az adatok helyess\u00e9g\u00e9re! Az adatok megad\u00e1sa ut\u00e1n munkat\u00e1rsunk felveszi \u00d6nnel a kapcsolatot \u00e9s egyeztet az ig\u00e9nyekr\u0151l, illetve t\u00e1j\u00e9koztatja \u00d6nt a 30 napos pr\u00f3baverzi\u00f3 ig\u00e9nybev\u00e9tel\u00e9nek menet\u00e9r\u0151l Ez ut\u00e1n \u00d6n megkapja az OfficeControlt 30 napra \u2013 a pr\u00f3ba verzi\u00f3 100%-ban megegyezik [&hellip;]","og_url":"https:\/\/anteus.hu\/de\/zutrittskontrolle-firma\/30-tage-demo\/","og_site_name":"Anteus","article_publisher":"https:\/\/www.facebook.com\/anteushungary","article_modified_time":"2025-06-17T14:29:20+00:00","og_image":[{"width":512,"height":110,"url":"https:\/\/anteus.hu\/wp-content\/uploads\/2025\/01\/anteus-logo-white-3.png","type":"image\/png"}],"twitter_card":"summary_large_image","twitter_misc":{"Gesch\u00e4tzte Lesezeit":"1\u00a0Minute"},"schema":{"@context":"https:\/\/schema.org","@graph":[{"@type":"WebPage","@id":"https:\/\/anteus.hu\/vallalati-beleptetes\/30-nap-demo\/","url":"https:\/\/anteus.hu\/vallalati-beleptetes\/30-nap-demo\/","name":"30-Tage-Demo - Anteus","isPartOf":{"@id":"https:\/\/anteus.hu\/#website"},"primaryImageOfPage":{"@id":"https:\/\/anteus.hu\/vallalati-beleptetes\/30-nap-demo\/#primaryimage"},"image":{"@id":"https:\/\/anteus.hu\/vallalati-beleptetes\/30-nap-demo\/#primaryimage"},"thumbnailUrl":"https:\/\/anteus.hu\/wp-content\/uploads\/2025\/01\/anteus-logo-white-3.png","datePublished":"2025-06-17T08:47:10+00:00","dateModified":"2025-06-17T14:29:20+00:00","breadcrumb":{"@id":"https:\/\/anteus.hu\/vallalati-beleptetes\/30-nap-demo\/#breadcrumb"},"inLanguage":"de","potentialAction":[{"@type":"ReadAction","target":["https:\/\/anteus.hu\/vallalati-beleptetes\/30-nap-demo\/"]}]},{"@type":"ImageObject","inLanguage":"de","@id":"https:\/\/anteus.hu\/vallalati-beleptetes\/30-nap-demo\/#primaryimage","url":"https:\/\/anteus.hu\/wp-content\/uploads\/2025\/01\/anteus-logo-white-3.png","contentUrl":"https:\/\/anteus.hu\/wp-content\/uploads\/2025\/01\/anteus-logo-white-3.png"},{"@type":"BreadcrumbList","@id":"https:\/\/anteus.hu\/vallalati-beleptetes\/30-nap-demo\/#breadcrumb","itemListElement":[{"@type":"ListItem","position":1,"name":"Kezd\u0151lap","item":"https:\/\/anteus.hu\/"},{"@type":"ListItem","position":2,"name":"V\u00e1llalati-bel\u00e9ptet\u00e9s","item":"https:\/\/anteus.hu\/vallalati-beleptetes\/"},{"@type":"ListItem","position":3,"name":"30 nap demo"}]},{"@type":"WebSite","@id":"https:\/\/anteus.hu\/#website","url":"https:\/\/anteus.hu\/","name":"Anteus","description":"Maximale Sicherheit. Reibungsloses Parken.","publisher":{"@id":"https:\/\/anteus.hu\/#organization"},"potentialAction":[{"@type":"SearchAction","target":{"@type":"EntryPoint","urlTemplate":"https:\/\/anteus.hu\/?s={search_term_string}"},"query-input":{"@type":"PropertyValueSpecification","valueRequired":true,"valueName":"search_term_string"}}],"inLanguage":"de"},{"@type":"Organization","@id":"https:\/\/anteus.hu\/#organization","name":"Anteus","url":"https:\/\/anteus.hu\/","logo":{"@type":"ImageObject","inLanguage":"de","@id":"https:\/\/anteus.hu\/#\/schema\/logo\/image\/","url":"https:\/\/anteus.hu\/wp-content\/uploads\/2024\/10\/cropped-anteus-logo.png","contentUrl":"https:\/\/anteus.hu\/wp-content\/uploads\/2024\/10\/cropped-anteus-logo.png","width":365,"height":96,"caption":"Anteus"},"image":{"@id":"https:\/\/anteus.hu\/#\/schema\/logo\/image\/"},"sameAs":["https:\/\/www.facebook.com\/anteushungary"]}]}},"_links":{"self":[{"href":"https:\/\/anteus.hu\/de\/wp-json\/wp\/v2\/pages\/6178","targetHints":{"allow":["GET"]}}],"collection":[{"href":"https:\/\/anteus.hu\/de\/wp-json\/wp\/v2\/pages"}],"about":[{"href":"https:\/\/anteus.hu\/de\/wp-json\/wp\/v2\/types\/page"}],"author":[{"embeddable":true,"href":"https:\/\/anteus.hu\/de\/wp-json\/wp\/v2\/users\/2"}],"replies":[{"embeddable":true,"href":"https:\/\/anteus.hu\/de\/wp-json\/wp\/v2\/comments?post=6178"}],"version-history":[{"count":20,"href":"https:\/\/anteus.hu\/de\/wp-json\/wp\/v2\/pages\/6178\/revisions"}],"predecessor-version":[{"id":6204,"href":"https:\/\/anteus.hu\/de\/wp-json\/wp\/v2\/pages\/6178\/revisions\/6204"}],"up":[{"embeddable":true,"href":"https:\/\/anteus.hu\/de\/wp-json\/wp\/v2\/pages\/2389"}],"wp:attachment":[{"href":"https:\/\/anteus.hu\/de\/wp-json\/wp\/v2\/media?parent=6178"}],"curies":[{"name":"wp","href":"https:\/\/api.w.org\/{rel}","templated":true}]}}