{"id":6475,"date":"2026-01-09T18:06:10","date_gmt":"2026-01-09T17:06:10","guid":{"rendered":"https:\/\/anteus.hu\/?page_id=6475"},"modified":"2026-01-13T13:19:43","modified_gmt":"2026-01-13T12:19:43","slug":"tamogatasa-kkv-k-innovacios-kepessegenek","status":"publish","type":"page","link":"https:\/\/anteus.hu\/de\/kkv-k-innovacios-kepessegenek-tamogatasa\/","title":{"rendered":"Unterst\u00fctzung der Innovationskapazit\u00e4t von KMU"},"content":{"rendered":"<div data-elementor-type=\"wp-page\" data-elementor-id=\"6475\" class=\"elementor elementor-6475\" data-elementor-post-type=\"page\">\n\t\t\t\t<div class=\"elementor-element elementor-element-4525daa elementor-hidden-desktop elementor-hidden-tablet elementor-hidden-mobile e-flex e-con-boxed e-con e-parent\" data-id=\"4525daa\" data-element_type=\"container\" data-e-type=\"container\" data-settings=\"{&quot;background_background&quot;:&quot;classic&quot;}\">\n\t\t\t\t\t<div class=\"e-con-inner\">\n\t\t\t\t<div class=\"elementor-element elementor-element-43c8fad elementor-widget elementor-widget-heading\" data-id=\"43c8fad\" data-element_type=\"widget\" data-e-type=\"widget\" data-widget_type=\"heading.default\">\n\t\t\t\t<div class=\"elementor-widget-container\">\n\t\t\t\t\t<h1 class=\"elementor-heading-title elementor-size-default\">Unterst\u00fctzung der Innovationskapazit\u00e4t von KMU Aufforderung zur Einreichung von Vorschl\u00e4gen<\/h1>\t\t\t\t<\/div>\n\t\t\t\t<\/div>\n\t\t\t\t\t<\/div>\n\t\t\t\t<\/div>\n\t\t<div class=\"elementor-element elementor-element-0f4699a e-flex e-con-boxed e-con e-parent\" data-id=\"0f4699a\" data-element_type=\"container\" data-e-type=\"container\">\n\t\t\t\t\t<div class=\"e-con-inner\">\n\t\t\t\t<div class=\"elementor-element elementor-element-d5b6202 elementor-widget elementor-widget-image\" data-id=\"d5b6202\" data-element_type=\"widget\" data-e-type=\"widget\" data-widget_type=\"image.default\">\n\t\t\t\t<div class=\"elementor-widget-container\">\n\t\t\t\t\t\t\t\t\t\t\t\t\t\t\t<img fetchpriority=\"high\" decoding=\"async\" src=\"https:\/\/anteus.hu\/wp-content\/uploads\/2026\/01\/Szechenyi-Terv-Plusz-infoblokk-1024x306.jpg\" height=\"239\" width=\"800\" srcset=\"https:\/\/anteus.hu\/wp-content\/uploads\/2026\/01\/Szechenyi-Terv-Plusz-infoblokk-1024x306.jpg 1024w, https:\/\/anteus.hu\/wp-content\/uploads\/2026\/01\/Szechenyi-Terv-Plusz-infoblokk-300x90.jpg 300w, https:\/\/anteus.hu\/wp-content\/uploads\/2026\/01\/Szechenyi-Terv-Plusz-infoblokk-768x230.jpg 768w, https:\/\/anteus.hu\/wp-content\/uploads\/2026\/01\/Szechenyi-Terv-Plusz-infoblokk-18x5.jpg 18w, https:\/\/anteus.hu\/wp-content\/uploads\/2026\/01\/Szechenyi-Terv-Plusz-infoblokk.jpg 1337w\" sizes=\"(max-width: 800px) 100vw, 800px\" class=\"attachment-large size-large wp-image-6465 sp-no-webp\" alt=\"\"> \t\t\t\t\t\t\t\t\t\t\t\t\t\t\t<\/div>\n\t\t\t\t<\/div>\n\t\t\t\t<div class=\"elementor-element elementor-element-ac1410a elementor-widget__width-inherit elementor-widget-tablet__width-inherit elementor-widget elementor-widget-text-editor\" data-id=\"ac1410a\" data-element_type=\"widget\" data-e-type=\"widget\" data-widget_type=\"text-editor.default\">\n\t\t\t\t<div class=\"elementor-widget-container\">\n\t\t\t\t\t\t\t\t\t<p><b>Name des Beg\u00fcnstigten:<\/b> <span style=\"font-weight: 400;\">Anteus Entwicklung, Handel und Service Ltd.<\/span><\/p><p><b>Die Projektidentifikationsnummer: <\/b> <span style=\"font-weight: 400;\">GINOP_PLUSZ-2.1.3-24-2025-00592<\/span><\/p><p><b>Gegenstand der Entwicklung:<\/b> <span style=\"font-weight: 400;\">Umsetzung einer komplexen Prozessinnovation bei Anteus Ltd.<\/span><\/p><p><b>Die H\u00f6he der vertraglich vereinbarten Beihilfe: <\/b><span style=\"font-weight: 400;\">49 770 301 Ft<\/span><\/p><p><b>Eine detaillierte Beschreibung des Projektinhalts:<\/b><\/p><p><span style=\"font-weight: 400;\">Im Rahmen der Aufforderung zur Einreichung von Vorschl\u00e4gen \u201eGINOP Plus-2.1.3-24 - F\u00f6rderung der Innovationsf\u00e4higkeit von KMU\u201d haben wir die M\u00f6glichkeit, unsere Gesch\u00e4ftsprozesse in Produktion und Marketing zu erneuern:<\/span><\/p><p><span style=\"font-weight: 400;\">Das Innovationsprojekt der Anteus Ltd. zielt auf die vollst\u00e4ndige Digitalisierung der Design-, Produktions-, Fertigungs-, Projektmanagement- und Marketingprozesse des Unternehmens ab. Das Unternehmen entwickelt, fertigt und installiert derzeit Zugangskontroll- und Zeiterfassungssysteme, aber viele Teile seiner T\u00e4tigkeiten sind manuell und isoliert.<\/span><\/p><p><span style=\"font-weight: 400;\">Die Entwicklung umfasst die Implementierung eines komplexen, integrierten ERP-Systems, das alle Prozesse des Unternehmens in Echtzeit unterst\u00fctzt - vom Verkauf \u00fcber die Konstruktion und Fertigung bis hin zu Lagerhaltung, Installation und Service.<\/span><\/p><p><span style=\"font-weight: 400;\">Durch die Einf\u00fchrung des Systems:<\/span><\/p><ul><li style=\"font-weight: 400;\" aria-level=\"1\"><span style=\"font-weight: 400;\">Automatisierung und Rationalisierung von Aufgaben der Angebotserstellung, der Produktion und des Projektmanagements,<\/span><\/li><li style=\"font-weight: 400;\" aria-level=\"1\"><span style=\"font-weight: 400;\">aktuelle Bestands- und Lagerverwaltung,<\/span><\/li><li style=\"font-weight: 400;\" aria-level=\"1\"><span style=\"font-weight: 400;\">die R\u00fcckverfolgbarkeit von Installations- und Serviceprozessen zu verbessern,<\/span><\/li><li style=\"font-weight: 400;\" aria-level=\"1\"><span style=\"font-weight: 400;\">eine einzige Kundendatenbank, automatisierte Kommunikation und messbare Marketingaktivit\u00e4ten.<\/span><\/li><\/ul><p><span style=\"font-weight: 400;\">Im Ergebnis wird das Unternehmen effizienter, schneller und kontrollierbarer, was zu einem besseren Kundenerlebnis und einem wettbewerbsf\u00e4higeren Service f\u00fchrt.<\/span><\/p><p><span style=\"font-weight: 400;\">Das Projekt wird vom ungarischen Staat mit Unterst\u00fctzung der Europ\u00e4ischen Union kofinanziert.<\/span><\/p><p><b>Das geplante Datum f\u00fcr die Fertigstellung des Projekts ist: <\/b><span style=\"font-weight: 400;\">2027.03.31.<\/span><\/p><p><b>Erkl\u00e4rung zur Chancengleichheit:<\/b><\/p><p><span style=\"font-weight: 400;\">A<\/span> <span style=\"font-weight: 400;\">Als Beg\u00fcnstigter des Projekts GINOP_PLUSZ-2.1.3-24-2025-00592 erkl\u00e4rt Anteus Fejleszt\u0151, Kereskedelmi \u00e9s Szolg\u00e1ltat\u00f3 Kft., dass sie w\u00e4hrend der gesamten Laufzeit des Projekts die Menschenw\u00fcrde der im Rahmen des Projekts besch\u00e4ftigten oder zu besch\u00e4ftigenden Personen achtet und alles in ihrer Macht Stehende tun wird, um die Grunds\u00e4tze und Regeln des Gesetzes CXXV von 2003 \u00fcber die Gleichbehandlung und die F\u00f6rderung der Chancengleichheit (Gesetz \u00fcber die Gleichbehandlung und die F\u00f6rderung der Chancengleichheit) vollst\u00e4ndig umzusetzen.\u00a0<\/span><\/p><p><span style=\"font-weight: 400;\">Dar\u00fcber hinaus verpflichtet sie sich, Arbeitsbedingungen zu schaffen und Umst\u00e4nde zu schaffen, die zur Erhaltung und St\u00e4rkung dieser Grundwerte und zur Umsetzung der in der Ebktv festgelegten Regeln beitragen.<\/span><\/p><p><span style=\"font-weight: 400;\">Sie wird die Nichteinhaltung der Rechtsvorschriften zur Chancengleichheit sp\u00e4testens w\u00e4hrend der Durchf\u00fchrung des Projekts beseitigen und bei ihren \u00f6ffentlichen Veranstaltungen, ihrer Kommunikation und ihrem Verhalten im Zusammenhang mit der Entwicklung geschlechtersensibel vorgehen: Sie wird keine Segregation vermitteln und bestehende Vorurteile gegen\u00fcber Gruppen abbauen.<\/span><\/p><p><span style=\"font-weight: 400;\">Dar\u00fcber hinaus erkl\u00e4ren Sie, dass Sie bei der Durchf\u00fchrung des Projekts die Chancengleichheit, die Gleichstellung der Geschlechter und das \u00dcbereinkommen der Vereinten Nationen \u00fcber die Rechte von Menschen mit Behinderungen gem\u00e4\u00df dem Beschluss 2010\/48\/EG des Rates anwenden werden und dass Sie die grundlegenden Menschenrechte von Menschen mit Behinderungen - Barrierefreiheit - gew\u00e4hrleisten werden, z. B. durch Zug\u00e4nglichkeit und die Anwendung der entsprechenden Normen.<\/span><\/p><div id=\"lt-accessibility-devtools\" aria-hidden=\"true\">\u00a0<\/div>\t\t\t\t\t\t\t\t<\/div>\n\t\t\t\t<\/div>\n\t\t\t\t\t<\/div>\n\t\t\t\t<\/div>\n\t\t\t\t<\/div>","protected":false},"excerpt":{"rendered":"<p>KKV-k innov\u00e1ci\u00f3s k\u00e9pess\u00e9g\u00e9nek t\u00e1mogat\u00e1sa p\u00e1ly\u00e1zat A kedvezm\u00e9nyezett neve: Anteus Fejleszt\u0151, Kereskedelmi \u00e9s Szolg\u00e1ltat\u00f3 Kft. A projekt azonos\u00edt\u00f3 sz\u00e1ma: GINOP_PLUSZ-2.1.3-24-2025-00592 A fejleszt\u00e9s t\u00e1rgya: Komplex folyamat innov\u00e1ci\u00f3s fejleszt\u00e9s megval\u00f3s\u00edt\u00e1sa az Anteus Kft-n\u00e9l A szerz\u0151d\u00f6tt t\u00e1mogat\u00e1s \u00f6sszege: 49 770\u00a0301 Ft A projekt tartalm\u00e1nak r\u00e9szletes bemutat\u00e1sa: A \u201eGINOP Plusz-2.1.3-24 &#8211; KKV-k innov\u00e1ci\u00f3s k\u00e9pess\u00e9g\u00e9nek t\u00e1mogat\u00e1sa\u201d c\u00edm\u0171 p\u00e1ly\u00e1zati ki\u00edr\u00e1s keret\u00e9ben lehet\u0151s\u00e9g\u00fcnk [&hellip;]<\/p>\n","protected":false},"author":2,"featured_media":0,"parent":0,"menu_order":0,"comment_status":"closed","ping_status":"closed","template":"","meta":{"footnotes":""},"class_list":["post-6475","page","type-page","status-publish","hentry"],"yoast_head":"<!-- This site is optimized with the Yoast SEO Premium plugin v27.0 (Yoast SEO v27.4) - https:\/\/yoast.com\/product\/yoast-seo-premium-wordpress\/ -->\n<title>KKV-k innov\u00e1ci\u00f3s k\u00e9pess\u00e9g\u00e9nek t\u00e1mogat\u00e1sa - Anteus<\/title>\n<meta name=\"robots\" content=\"index, follow, max-snippet:-1, max-image-preview:large, max-video-preview:-1\" \/>\n<link rel=\"canonical\" href=\"https:\/\/anteus.hu\/de\/tamogatasa-kkv-k-innovacios-kepessegenek\/\" \/>\n<meta property=\"og:locale\" content=\"de_DE\" \/>\n<meta property=\"og:type\" content=\"article\" \/>\n<meta property=\"og:title\" content=\"KKV-k innov\u00e1ci\u00f3s k\u00e9pess\u00e9g\u00e9nek t\u00e1mogat\u00e1sa\" \/>\n<meta property=\"og:description\" content=\"KKV-k innov\u00e1ci\u00f3s k\u00e9pess\u00e9g\u00e9nek t\u00e1mogat\u00e1sa p\u00e1ly\u00e1zat A kedvezm\u00e9nyezett neve: Anteus Fejleszt\u0151, Kereskedelmi \u00e9s Szolg\u00e1ltat\u00f3 Kft. A projekt azonos\u00edt\u00f3 sz\u00e1ma: GINOP_PLUSZ-2.1.3-24-2025-00592 A fejleszt\u00e9s t\u00e1rgya: Komplex folyamat innov\u00e1ci\u00f3s fejleszt\u00e9s megval\u00f3s\u00edt\u00e1sa az Anteus Kft-n\u00e9l A szerz\u0151d\u00f6tt t\u00e1mogat\u00e1s \u00f6sszege: 49 770\u00a0301 Ft A projekt tartalm\u00e1nak r\u00e9szletes bemutat\u00e1sa: A \u201eGINOP Plusz-2.1.3-24 &#8211; KKV-k innov\u00e1ci\u00f3s k\u00e9pess\u00e9g\u00e9nek t\u00e1mogat\u00e1sa\u201d c\u00edm\u0171 p\u00e1ly\u00e1zati ki\u00edr\u00e1s keret\u00e9ben lehet\u0151s\u00e9g\u00fcnk [&hellip;]\" \/>\n<meta property=\"og:url\" content=\"https:\/\/anteus.hu\/de\/tamogatasa-kkv-k-innovacios-kepessegenek\/\" \/>\n<meta property=\"og:site_name\" content=\"Anteus\" \/>\n<meta property=\"article:publisher\" content=\"https:\/\/www.facebook.com\/anteushungary\" \/>\n<meta property=\"article:modified_time\" content=\"2026-01-13T12:19:43+00:00\" \/>\n<meta property=\"og:image\" content=\"https:\/\/anteus.hu\/wp-content\/uploads\/2026\/01\/Szechenyi-Terv-Plusz-infoblokk.jpg\" \/>\n\t<meta property=\"og:image:width\" content=\"1337\" \/>\n\t<meta property=\"og:image:height\" content=\"400\" \/>\n\t<meta property=\"og:image:type\" content=\"image\/jpeg\" \/>\n<meta name=\"twitter:card\" content=\"summary_large_image\" \/>\n<meta name=\"twitter:label1\" content=\"Gesch\u00e4tzte Lesezeit\" \/>\n\t<meta name=\"twitter:data1\" content=\"3\u00a0Minuten\" \/>\n<script type=\"application\/ld+json\" class=\"yoast-schema-graph\">{\"@context\":\"https:\\\/\\\/schema.org\",\"@graph\":[{\"@type\":\"WebPage\",\"@id\":\"https:\\\/\\\/anteus.hu\\\/kkv-k-innovacios-kepessegenek-tamogatasa\\\/\",\"url\":\"https:\\\/\\\/anteus.hu\\\/kkv-k-innovacios-kepessegenek-tamogatasa\\\/\",\"name\":\"KKV-k innov\u00e1ci\u00f3s k\u00e9pess\u00e9g\u00e9nek t\u00e1mogat\u00e1sa - Anteus\",\"isPartOf\":{\"@id\":\"https:\\\/\\\/anteus.hu\\\/#website\"},\"primaryImageOfPage\":{\"@id\":\"https:\\\/\\\/anteus.hu\\\/kkv-k-innovacios-kepessegenek-tamogatasa\\\/#primaryimage\"},\"image\":{\"@id\":\"https:\\\/\\\/anteus.hu\\\/kkv-k-innovacios-kepessegenek-tamogatasa\\\/#primaryimage\"},\"thumbnailUrl\":\"https:\\\/\\\/anteus.hu\\\/wp-content\\\/uploads\\\/2026\\\/01\\\/Szechenyi-Terv-Plusz-infoblokk-1024x306.jpg\",\"datePublished\":\"2026-01-09T17:06:10+00:00\",\"dateModified\":\"2026-01-13T12:19:43+00:00\",\"breadcrumb\":{\"@id\":\"https:\\\/\\\/anteus.hu\\\/kkv-k-innovacios-kepessegenek-tamogatasa\\\/#breadcrumb\"},\"inLanguage\":\"de\",\"potentialAction\":[{\"@type\":\"ReadAction\",\"target\":[\"https:\\\/\\\/anteus.hu\\\/kkv-k-innovacios-kepessegenek-tamogatasa\\\/\"]}]},{\"@type\":\"ImageObject\",\"inLanguage\":\"de\",\"@id\":\"https:\\\/\\\/anteus.hu\\\/kkv-k-innovacios-kepessegenek-tamogatasa\\\/#primaryimage\",\"url\":\"https:\\\/\\\/anteus.hu\\\/wp-content\\\/uploads\\\/2026\\\/01\\\/Szechenyi-Terv-Plusz-infoblokk-1024x306.jpg\",\"contentUrl\":\"https:\\\/\\\/anteus.hu\\\/wp-content\\\/uploads\\\/2026\\\/01\\\/Szechenyi-Terv-Plusz-infoblokk-1024x306.jpg\"},{\"@type\":\"BreadcrumbList\",\"@id\":\"https:\\\/\\\/anteus.hu\\\/kkv-k-innovacios-kepessegenek-tamogatasa\\\/#breadcrumb\",\"itemListElement\":[{\"@type\":\"ListItem\",\"position\":1,\"name\":\"Kezd\u0151lap\",\"item\":\"https:\\\/\\\/anteus.hu\\\/\"},{\"@type\":\"ListItem\",\"position\":2,\"name\":\"KKV-k innov\u00e1ci\u00f3s k\u00e9pess\u00e9g\u00e9nek t\u00e1mogat\u00e1sa\"}]},{\"@type\":\"WebSite\",\"@id\":\"https:\\\/\\\/anteus.hu\\\/#website\",\"url\":\"https:\\\/\\\/anteus.hu\\\/\",\"name\":\"Anteus\",\"description\":\"Maxim\u00e1lis biztons\u00e1g. G\u00f6rd\u00fcl\u00e9keny parkol\u00e1s.\",\"publisher\":{\"@id\":\"https:\\\/\\\/anteus.hu\\\/#organization\"},\"potentialAction\":[{\"@type\":\"SearchAction\",\"target\":{\"@type\":\"EntryPoint\",\"urlTemplate\":\"https:\\\/\\\/anteus.hu\\\/?s={search_term_string}\"},\"query-input\":{\"@type\":\"PropertyValueSpecification\",\"valueRequired\":true,\"valueName\":\"search_term_string\"}}],\"inLanguage\":\"de\"},{\"@type\":\"Organization\",\"@id\":\"https:\\\/\\\/anteus.hu\\\/#organization\",\"name\":\"Anteus\",\"url\":\"https:\\\/\\\/anteus.hu\\\/\",\"logo\":{\"@type\":\"ImageObject\",\"inLanguage\":\"de\",\"@id\":\"https:\\\/\\\/anteus.hu\\\/#\\\/schema\\\/logo\\\/image\\\/\",\"url\":\"https:\\\/\\\/anteus.hu\\\/wp-content\\\/uploads\\\/2024\\\/10\\\/cropped-anteus-logo.png\",\"contentUrl\":\"https:\\\/\\\/anteus.hu\\\/wp-content\\\/uploads\\\/2024\\\/10\\\/cropped-anteus-logo.png\",\"width\":365,\"height\":96,\"caption\":\"Anteus\"},\"image\":{\"@id\":\"https:\\\/\\\/anteus.hu\\\/#\\\/schema\\\/logo\\\/image\\\/\"},\"sameAs\":[\"https:\\\/\\\/www.facebook.com\\\/anteushungary\"]}]}<\/script>\n<!-- \/ Yoast SEO Premium plugin. -->","yoast_head_json":{"title":"Unterst\u00fctzung der Innovationskapazit\u00e4t von KMU - Anteus","robots":{"index":"index","follow":"follow","max-snippet":"max-snippet:-1","max-image-preview":"max-image-preview:large","max-video-preview":"max-video-preview:-1"},"canonical":"https:\/\/anteus.hu\/de\/tamogatasa-kkv-k-innovacios-kepessegenek\/","og_locale":"de_DE","og_type":"article","og_title":"KKV-k innov\u00e1ci\u00f3s k\u00e9pess\u00e9g\u00e9nek t\u00e1mogat\u00e1sa","og_description":"KKV-k innov\u00e1ci\u00f3s k\u00e9pess\u00e9g\u00e9nek t\u00e1mogat\u00e1sa p\u00e1ly\u00e1zat A kedvezm\u00e9nyezett neve: Anteus Fejleszt\u0151, Kereskedelmi \u00e9s Szolg\u00e1ltat\u00f3 Kft. A projekt azonos\u00edt\u00f3 sz\u00e1ma: GINOP_PLUSZ-2.1.3-24-2025-00592 A fejleszt\u00e9s t\u00e1rgya: Komplex folyamat innov\u00e1ci\u00f3s fejleszt\u00e9s megval\u00f3s\u00edt\u00e1sa az Anteus Kft-n\u00e9l A szerz\u0151d\u00f6tt t\u00e1mogat\u00e1s \u00f6sszege: 49 770\u00a0301 Ft A projekt tartalm\u00e1nak r\u00e9szletes bemutat\u00e1sa: A \u201eGINOP Plusz-2.1.3-24 &#8211; KKV-k innov\u00e1ci\u00f3s k\u00e9pess\u00e9g\u00e9nek t\u00e1mogat\u00e1sa\u201d c\u00edm\u0171 p\u00e1ly\u00e1zati ki\u00edr\u00e1s keret\u00e9ben lehet\u0151s\u00e9g\u00fcnk [&hellip;]","og_url":"https:\/\/anteus.hu\/de\/tamogatasa-kkv-k-innovacios-kepessegenek\/","og_site_name":"Anteus","article_publisher":"https:\/\/www.facebook.com\/anteushungary","article_modified_time":"2026-01-13T12:19:43+00:00","og_image":[{"width":1337,"height":400,"url":"https:\/\/anteus.hu\/wp-content\/uploads\/2026\/01\/Szechenyi-Terv-Plusz-infoblokk.jpg","type":"image\/jpeg"}],"twitter_card":"summary_large_image","twitter_misc":{"Gesch\u00e4tzte Lesezeit":"3\u00a0Minuten"},"schema":{"@context":"https:\/\/schema.org","@graph":[{"@type":"WebPage","@id":"https:\/\/anteus.hu\/kkv-k-innovacios-kepessegenek-tamogatasa\/","url":"https:\/\/anteus.hu\/kkv-k-innovacios-kepessegenek-tamogatasa\/","name":"Unterst\u00fctzung der Innovationskapazit\u00e4t von KMU - Anteus","isPartOf":{"@id":"https:\/\/anteus.hu\/#website"},"primaryImageOfPage":{"@id":"https:\/\/anteus.hu\/kkv-k-innovacios-kepessegenek-tamogatasa\/#primaryimage"},"image":{"@id":"https:\/\/anteus.hu\/kkv-k-innovacios-kepessegenek-tamogatasa\/#primaryimage"},"thumbnailUrl":"https:\/\/anteus.hu\/wp-content\/uploads\/2026\/01\/Szechenyi-Terv-Plusz-infoblokk-1024x306.jpg","datePublished":"2026-01-09T17:06:10+00:00","dateModified":"2026-01-13T12:19:43+00:00","breadcrumb":{"@id":"https:\/\/anteus.hu\/kkv-k-innovacios-kepessegenek-tamogatasa\/#breadcrumb"},"inLanguage":"de","potentialAction":[{"@type":"ReadAction","target":["https:\/\/anteus.hu\/kkv-k-innovacios-kepessegenek-tamogatasa\/"]}]},{"@type":"ImageObject","inLanguage":"de","@id":"https:\/\/anteus.hu\/kkv-k-innovacios-kepessegenek-tamogatasa\/#primaryimage","url":"https:\/\/anteus.hu\/wp-content\/uploads\/2026\/01\/Szechenyi-Terv-Plusz-infoblokk-1024x306.jpg","contentUrl":"https:\/\/anteus.hu\/wp-content\/uploads\/2026\/01\/Szechenyi-Terv-Plusz-infoblokk-1024x306.jpg"},{"@type":"BreadcrumbList","@id":"https:\/\/anteus.hu\/kkv-k-innovacios-kepessegenek-tamogatasa\/#breadcrumb","itemListElement":[{"@type":"ListItem","position":1,"name":"Kezd\u0151lap","item":"https:\/\/anteus.hu\/"},{"@type":"ListItem","position":2,"name":"KKV-k innov\u00e1ci\u00f3s k\u00e9pess\u00e9g\u00e9nek t\u00e1mogat\u00e1sa"}]},{"@type":"WebSite","@id":"https:\/\/anteus.hu\/#website","url":"https:\/\/anteus.hu\/","name":"Anteus","description":"Maximale Sicherheit. Reibungsloses Parken.","publisher":{"@id":"https:\/\/anteus.hu\/#organization"},"potentialAction":[{"@type":"SearchAction","target":{"@type":"EntryPoint","urlTemplate":"https:\/\/anteus.hu\/?s={search_term_string}"},"query-input":{"@type":"PropertyValueSpecification","valueRequired":true,"valueName":"search_term_string"}}],"inLanguage":"de"},{"@type":"Organization","@id":"https:\/\/anteus.hu\/#organization","name":"Anteus","url":"https:\/\/anteus.hu\/","logo":{"@type":"ImageObject","inLanguage":"de","@id":"https:\/\/anteus.hu\/#\/schema\/logo\/image\/","url":"https:\/\/anteus.hu\/wp-content\/uploads\/2024\/10\/cropped-anteus-logo.png","contentUrl":"https:\/\/anteus.hu\/wp-content\/uploads\/2024\/10\/cropped-anteus-logo.png","width":365,"height":96,"caption":"Anteus"},"image":{"@id":"https:\/\/anteus.hu\/#\/schema\/logo\/image\/"},"sameAs":["https:\/\/www.facebook.com\/anteushungary"]}]}},"_links":{"self":[{"href":"https:\/\/anteus.hu\/de\/wp-json\/wp\/v2\/pages\/6475","targetHints":{"allow":["GET"]}}],"collection":[{"href":"https:\/\/anteus.hu\/de\/wp-json\/wp\/v2\/pages"}],"about":[{"href":"https:\/\/anteus.hu\/de\/wp-json\/wp\/v2\/types\/page"}],"author":[{"embeddable":true,"href":"https:\/\/anteus.hu\/de\/wp-json\/wp\/v2\/users\/2"}],"replies":[{"embeddable":true,"href":"https:\/\/anteus.hu\/de\/wp-json\/wp\/v2\/comments?post=6475"}],"version-history":[{"count":22,"href":"https:\/\/anteus.hu\/de\/wp-json\/wp\/v2\/pages\/6475\/revisions"}],"predecessor-version":[{"id":6511,"href":"https:\/\/anteus.hu\/de\/wp-json\/wp\/v2\/pages\/6475\/revisions\/6511"}],"wp:attachment":[{"href":"https:\/\/anteus.hu\/de\/wp-json\/wp\/v2\/media?parent=6475"}],"curies":[{"name":"wp","href":"https:\/\/api.w.org\/{rel}","templated":true}]}}