{"id":6475,"date":"2026-01-09T18:06:10","date_gmt":"2026-01-09T17:06:10","guid":{"rendered":"https:\/\/anteus.hu\/?page_id=6475"},"modified":"2026-01-13T13:19:43","modified_gmt":"2026-01-13T12:19:43","slug":"tamogatasa-kkv-k-innovacios-kepessegenek","status":"publish","type":"page","link":"https:\/\/anteus.hu\/en\/kkv-k-innovacios-kepessegenek-tamogatasa\/","title":{"rendered":"Supporting the innovation capacity of SMEs"},"content":{"rendered":"<div data-elementor-type=\"wp-page\" data-elementor-id=\"6475\" class=\"elementor elementor-6475\" data-elementor-post-type=\"page\">\n\t\t\t\t<div class=\"elementor-element elementor-element-4525daa elementor-hidden-desktop elementor-hidden-tablet elementor-hidden-mobile e-flex e-con-boxed e-con e-parent\" data-id=\"4525daa\" data-element_type=\"container\" data-e-type=\"container\" data-settings=\"{&quot;background_background&quot;:&quot;classic&quot;}\">\n\t\t\t\t\t<div class=\"e-con-inner\">\n\t\t\t\t<div class=\"elementor-element elementor-element-43c8fad elementor-widget elementor-widget-heading\" data-id=\"43c8fad\" data-element_type=\"widget\" data-e-type=\"widget\" data-widget_type=\"heading.default\">\n\t\t\t\t<div class=\"elementor-widget-container\">\n\t\t\t\t\t<h1 class=\"elementor-heading-title elementor-size-default\">Support for SMEs' innovation capacity Call for proposals<\/h1>\t\t\t\t<\/div>\n\t\t\t\t<\/div>\n\t\t\t\t\t<\/div>\n\t\t\t\t<\/div>\n\t\t<div class=\"elementor-element elementor-element-0f4699a e-flex e-con-boxed e-con e-parent\" data-id=\"0f4699a\" data-element_type=\"container\" data-e-type=\"container\">\n\t\t\t\t\t<div class=\"e-con-inner\">\n\t\t\t\t<div class=\"elementor-element elementor-element-d5b6202 elementor-widget elementor-widget-image\" data-id=\"d5b6202\" data-element_type=\"widget\" data-e-type=\"widget\" data-widget_type=\"image.default\">\n\t\t\t\t<div class=\"elementor-widget-container\">\n\t\t\t\t\t\t\t\t\t\t\t\t\t\t\t<img fetchpriority=\"high\" decoding=\"async\" src=\"https:\/\/anteus.hu\/wp-content\/uploads\/2026\/01\/Szechenyi-Terv-Plusz-infoblokk-1024x306.jpg\" height=\"239\" width=\"800\" srcset=\"https:\/\/anteus.hu\/wp-content\/uploads\/2026\/01\/Szechenyi-Terv-Plusz-infoblokk-1024x306.jpg 1024w, https:\/\/anteus.hu\/wp-content\/uploads\/2026\/01\/Szechenyi-Terv-Plusz-infoblokk-300x90.jpg 300w, https:\/\/anteus.hu\/wp-content\/uploads\/2026\/01\/Szechenyi-Terv-Plusz-infoblokk-768x230.jpg 768w, https:\/\/anteus.hu\/wp-content\/uploads\/2026\/01\/Szechenyi-Terv-Plusz-infoblokk-18x5.jpg 18w, https:\/\/anteus.hu\/wp-content\/uploads\/2026\/01\/Szechenyi-Terv-Plusz-infoblokk.jpg 1337w\" sizes=\"(max-width: 800px) 100vw, 800px\" class=\"attachment-large size-large wp-image-6465 sp-no-webp\" alt=\"\"> \t\t\t\t\t\t\t\t\t\t\t\t\t\t\t<\/div>\n\t\t\t\t<\/div>\n\t\t\t\t<div class=\"elementor-element elementor-element-ac1410a elementor-widget__width-inherit elementor-widget-tablet__width-inherit elementor-widget elementor-widget-text-editor\" data-id=\"ac1410a\" data-element_type=\"widget\" data-e-type=\"widget\" data-widget_type=\"text-editor.default\">\n\t\t\t\t<div class=\"elementor-widget-container\">\n\t\t\t\t\t\t\t\t\t<p><b>Name of the beneficiary:<\/b> <span style=\"font-weight: 400;\">Anteus Development, Trade and Service Ltd.<\/span><\/p><p><b>The project identification number: <\/b> <span style=\"font-weight: 400;\">GINOP_PLUSZ-2.1.3-24-2025-00592<\/span><\/p><p><b>Subject of the development:<\/b> <span style=\"font-weight: 400;\">Implementation of a complex process innovation development at Anteus Ltd.<\/span><\/p><p><b>The amount of aid contracted: <\/b><span style=\"font-weight: 400;\">49 770 301 Ft<\/span><\/p><p><b>A detailed description of the project content:<\/b><\/p><p><span style=\"font-weight: 400;\">Under the call for proposals \u201eGINOP Plus-2.1.3-24 - Supporting the innovation capacity of SMEs\u201d, we have the opportunity to innovate our production and marketing business processes:<\/span><\/p><p><span style=\"font-weight: 400;\">The innovation project of Anteus Ltd. aims at the complete digitalisation of the company's design, production, manufacturing, project management and marketing processes. The company currently develops, manufactures and installs access control and time and attendance systems, but many parts of its operations are manual and isolated.<\/span><\/p><p><span style=\"font-weight: 400;\">The development will include the implementation of a complex, integrated ERP system that will support all of the company's processes in real time - from sales, design and manufacturing to warehousing, installation and service.<\/span><\/p><p><span style=\"font-weight: 400;\">By implementing the system:<\/span><\/p><ul><li style=\"font-weight: 400;\" aria-level=\"1\"><span style=\"font-weight: 400;\">automate and streamline bid preparation, production and project management tasks,<\/span><\/li><li style=\"font-weight: 400;\" aria-level=\"1\"><span style=\"font-weight: 400;\">up-to-date stock and warehouse management,<\/span><\/li><li style=\"font-weight: 400;\" aria-level=\"1\"><span style=\"font-weight: 400;\">improve the traceability of installation and service processes,<\/span><\/li><li style=\"font-weight: 400;\" aria-level=\"1\"><span style=\"font-weight: 400;\">a single customer database, automated communication and measurable marketing activity.<\/span><\/li><\/ul><p><span style=\"font-weight: 400;\">As a result, the business will be more efficient, faster and more controllable, resulting in a better customer experience and a more competitive service.<\/span><\/p><p><span style=\"font-weight: 400;\">The project is co-financed by the Hungarian state with the support of the European Union.<\/span><\/p><p><b>The planned completion date of the project is: <\/b><span style=\"font-weight: 400;\">2027.03.31.<\/span><\/p><p><b>Equal opportunities declaration:<\/b><\/p><p><span style=\"font-weight: 400;\">A<\/span> <span style=\"font-weight: 400;\">As a Beneficiary of the project GINOP_PLUSZ-2.1.3-24-2025-00592, Anteus Fejleszt\u0151, Kereskedelmi \u00e9s Szolg\u00e1ltat\u00f3 Kft. declares that it respects the human dignity of people employed or seeking to be employed in the project throughout the whole period of the project, and that it will do its utmost to fully implement the principles and rules of Act CXXV of 2003 on Equal Treatment and the Promotion of Equal Opportunities (Act on Equal Treatment and the Promotion of Equal Opportunities).\u00a0<\/span><\/p><p><span style=\"font-weight: 400;\">Furthermore, it undertakes to provide working conditions and to create circumstances that contribute to the preservation and strengthening of these fundamental values and to the implementation of the rules set out in the Ebktv.<\/span><\/p><p><span style=\"font-weight: 400;\">It will eliminate non-compliance with equal opportunities legislation at the latest during the implementation of the project and will be gender sensitive in its public events, communication and behaviour related to the development: it will not convey segregation, it will reduce existing prejudices about groups.<\/span><\/p><p><span style=\"font-weight: 400;\">Furthermore, you declare that you will apply equal opportunities, gender equality and the UN Convention on the Rights of Persons with Disabilities in accordance with Council Decision 2010\/48\/EC during the implementation of the project and that you will ensure the basic human rights of persons with disabilities - accessibility, e.g. through accessibility and the application of related standards.<\/span><\/p><div id=\"lt-accessibility-devtools\" aria-hidden=\"true\">\u00a0<\/div>\t\t\t\t\t\t\t\t<\/div>\n\t\t\t\t<\/div>\n\t\t\t\t\t<\/div>\n\t\t\t\t<\/div>\n\t\t\t\t<\/div>","protected":false},"excerpt":{"rendered":"<p>KKV-k innov\u00e1ci\u00f3s k\u00e9pess\u00e9g\u00e9nek t\u00e1mogat\u00e1sa p\u00e1ly\u00e1zat A kedvezm\u00e9nyezett neve: Anteus Fejleszt\u0151, Kereskedelmi \u00e9s Szolg\u00e1ltat\u00f3 Kft. A projekt azonos\u00edt\u00f3 sz\u00e1ma: GINOP_PLUSZ-2.1.3-24-2025-00592 A fejleszt\u00e9s t\u00e1rgya: Komplex folyamat innov\u00e1ci\u00f3s fejleszt\u00e9s megval\u00f3s\u00edt\u00e1sa az Anteus Kft-n\u00e9l A szerz\u0151d\u00f6tt t\u00e1mogat\u00e1s \u00f6sszege: 49 770\u00a0301 Ft A projekt tartalm\u00e1nak r\u00e9szletes bemutat\u00e1sa: A \u201eGINOP Plusz-2.1.3-24 &#8211; KKV-k innov\u00e1ci\u00f3s k\u00e9pess\u00e9g\u00e9nek t\u00e1mogat\u00e1sa\u201d c\u00edm\u0171 p\u00e1ly\u00e1zati ki\u00edr\u00e1s keret\u00e9ben lehet\u0151s\u00e9g\u00fcnk [&hellip;]<\/p>\n","protected":false},"author":2,"featured_media":0,"parent":0,"menu_order":0,"comment_status":"closed","ping_status":"closed","template":"","meta":{"footnotes":""},"class_list":["post-6475","page","type-page","status-publish","hentry"],"yoast_head":"<!-- This site is optimized with the Yoast SEO Premium plugin v27.0 (Yoast SEO v27.4) - https:\/\/yoast.com\/product\/yoast-seo-premium-wordpress\/ -->\n<title>KKV-k innov\u00e1ci\u00f3s k\u00e9pess\u00e9g\u00e9nek t\u00e1mogat\u00e1sa - Anteus<\/title>\n<meta name=\"robots\" content=\"index, follow, max-snippet:-1, max-image-preview:large, max-video-preview:-1\" \/>\n<link rel=\"canonical\" href=\"https:\/\/anteus.hu\/en\/tamogatasa-kkv-k-innovacios-kepessegenek\/\" \/>\n<meta property=\"og:locale\" content=\"en_GB\" \/>\n<meta property=\"og:type\" content=\"article\" \/>\n<meta property=\"og:title\" content=\"KKV-k innov\u00e1ci\u00f3s k\u00e9pess\u00e9g\u00e9nek t\u00e1mogat\u00e1sa\" \/>\n<meta property=\"og:description\" content=\"KKV-k innov\u00e1ci\u00f3s k\u00e9pess\u00e9g\u00e9nek t\u00e1mogat\u00e1sa p\u00e1ly\u00e1zat A kedvezm\u00e9nyezett neve: Anteus Fejleszt\u0151, Kereskedelmi \u00e9s Szolg\u00e1ltat\u00f3 Kft. A projekt azonos\u00edt\u00f3 sz\u00e1ma: GINOP_PLUSZ-2.1.3-24-2025-00592 A fejleszt\u00e9s t\u00e1rgya: Komplex folyamat innov\u00e1ci\u00f3s fejleszt\u00e9s megval\u00f3s\u00edt\u00e1sa az Anteus Kft-n\u00e9l A szerz\u0151d\u00f6tt t\u00e1mogat\u00e1s \u00f6sszege: 49 770\u00a0301 Ft A projekt tartalm\u00e1nak r\u00e9szletes bemutat\u00e1sa: A \u201eGINOP Plusz-2.1.3-24 &#8211; KKV-k innov\u00e1ci\u00f3s k\u00e9pess\u00e9g\u00e9nek t\u00e1mogat\u00e1sa\u201d c\u00edm\u0171 p\u00e1ly\u00e1zati ki\u00edr\u00e1s keret\u00e9ben lehet\u0151s\u00e9g\u00fcnk [&hellip;]\" \/>\n<meta property=\"og:url\" content=\"https:\/\/anteus.hu\/en\/tamogatasa-kkv-k-innovacios-kepessegenek\/\" \/>\n<meta property=\"og:site_name\" content=\"Anteus\" \/>\n<meta property=\"article:publisher\" content=\"https:\/\/www.facebook.com\/anteushungary\" \/>\n<meta property=\"article:modified_time\" content=\"2026-01-13T12:19:43+00:00\" \/>\n<meta property=\"og:image\" content=\"https:\/\/anteus.hu\/wp-content\/uploads\/2026\/01\/Szechenyi-Terv-Plusz-infoblokk.jpg\" \/>\n\t<meta property=\"og:image:width\" content=\"1337\" \/>\n\t<meta property=\"og:image:height\" content=\"400\" \/>\n\t<meta property=\"og:image:type\" content=\"image\/jpeg\" \/>\n<meta name=\"twitter:card\" content=\"summary_large_image\" \/>\n<meta name=\"twitter:label1\" content=\"Estimated reading time\" \/>\n\t<meta name=\"twitter:data1\" content=\"3 minutes\" \/>\n<script type=\"application\/ld+json\" class=\"yoast-schema-graph\">{\"@context\":\"https:\\\/\\\/schema.org\",\"@graph\":[{\"@type\":\"WebPage\",\"@id\":\"https:\\\/\\\/anteus.hu\\\/kkv-k-innovacios-kepessegenek-tamogatasa\\\/\",\"url\":\"https:\\\/\\\/anteus.hu\\\/kkv-k-innovacios-kepessegenek-tamogatasa\\\/\",\"name\":\"KKV-k innov\u00e1ci\u00f3s k\u00e9pess\u00e9g\u00e9nek t\u00e1mogat\u00e1sa - Anteus\",\"isPartOf\":{\"@id\":\"https:\\\/\\\/anteus.hu\\\/#website\"},\"primaryImageOfPage\":{\"@id\":\"https:\\\/\\\/anteus.hu\\\/kkv-k-innovacios-kepessegenek-tamogatasa\\\/#primaryimage\"},\"image\":{\"@id\":\"https:\\\/\\\/anteus.hu\\\/kkv-k-innovacios-kepessegenek-tamogatasa\\\/#primaryimage\"},\"thumbnailUrl\":\"https:\\\/\\\/anteus.hu\\\/wp-content\\\/uploads\\\/2026\\\/01\\\/Szechenyi-Terv-Plusz-infoblokk-1024x306.jpg\",\"datePublished\":\"2026-01-09T17:06:10+00:00\",\"dateModified\":\"2026-01-13T12:19:43+00:00\",\"breadcrumb\":{\"@id\":\"https:\\\/\\\/anteus.hu\\\/kkv-k-innovacios-kepessegenek-tamogatasa\\\/#breadcrumb\"},\"inLanguage\":\"en-GB\",\"potentialAction\":[{\"@type\":\"ReadAction\",\"target\":[\"https:\\\/\\\/anteus.hu\\\/kkv-k-innovacios-kepessegenek-tamogatasa\\\/\"]}]},{\"@type\":\"ImageObject\",\"inLanguage\":\"en-GB\",\"@id\":\"https:\\\/\\\/anteus.hu\\\/kkv-k-innovacios-kepessegenek-tamogatasa\\\/#primaryimage\",\"url\":\"https:\\\/\\\/anteus.hu\\\/wp-content\\\/uploads\\\/2026\\\/01\\\/Szechenyi-Terv-Plusz-infoblokk-1024x306.jpg\",\"contentUrl\":\"https:\\\/\\\/anteus.hu\\\/wp-content\\\/uploads\\\/2026\\\/01\\\/Szechenyi-Terv-Plusz-infoblokk-1024x306.jpg\"},{\"@type\":\"BreadcrumbList\",\"@id\":\"https:\\\/\\\/anteus.hu\\\/kkv-k-innovacios-kepessegenek-tamogatasa\\\/#breadcrumb\",\"itemListElement\":[{\"@type\":\"ListItem\",\"position\":1,\"name\":\"Kezd\u0151lap\",\"item\":\"https:\\\/\\\/anteus.hu\\\/\"},{\"@type\":\"ListItem\",\"position\":2,\"name\":\"KKV-k innov\u00e1ci\u00f3s k\u00e9pess\u00e9g\u00e9nek t\u00e1mogat\u00e1sa\"}]},{\"@type\":\"WebSite\",\"@id\":\"https:\\\/\\\/anteus.hu\\\/#website\",\"url\":\"https:\\\/\\\/anteus.hu\\\/\",\"name\":\"Anteus\",\"description\":\"Maxim\u00e1lis biztons\u00e1g. G\u00f6rd\u00fcl\u00e9keny parkol\u00e1s.\",\"publisher\":{\"@id\":\"https:\\\/\\\/anteus.hu\\\/#organization\"},\"potentialAction\":[{\"@type\":\"SearchAction\",\"target\":{\"@type\":\"EntryPoint\",\"urlTemplate\":\"https:\\\/\\\/anteus.hu\\\/?s={search_term_string}\"},\"query-input\":{\"@type\":\"PropertyValueSpecification\",\"valueRequired\":true,\"valueName\":\"search_term_string\"}}],\"inLanguage\":\"en-GB\"},{\"@type\":\"Organization\",\"@id\":\"https:\\\/\\\/anteus.hu\\\/#organization\",\"name\":\"Anteus\",\"url\":\"https:\\\/\\\/anteus.hu\\\/\",\"logo\":{\"@type\":\"ImageObject\",\"inLanguage\":\"en-GB\",\"@id\":\"https:\\\/\\\/anteus.hu\\\/#\\\/schema\\\/logo\\\/image\\\/\",\"url\":\"https:\\\/\\\/anteus.hu\\\/wp-content\\\/uploads\\\/2024\\\/10\\\/cropped-anteus-logo.png\",\"contentUrl\":\"https:\\\/\\\/anteus.hu\\\/wp-content\\\/uploads\\\/2024\\\/10\\\/cropped-anteus-logo.png\",\"width\":365,\"height\":96,\"caption\":\"Anteus\"},\"image\":{\"@id\":\"https:\\\/\\\/anteus.hu\\\/#\\\/schema\\\/logo\\\/image\\\/\"},\"sameAs\":[\"https:\\\/\\\/www.facebook.com\\\/anteushungary\"]}]}<\/script>\n<!-- \/ Yoast SEO Premium plugin. -->","yoast_head_json":{"title":"Supporting the innovation capacity of SMEs - Anteus","robots":{"index":"index","follow":"follow","max-snippet":"max-snippet:-1","max-image-preview":"max-image-preview:large","max-video-preview":"max-video-preview:-1"},"canonical":"https:\/\/anteus.hu\/en\/tamogatasa-kkv-k-innovacios-kepessegenek\/","og_locale":"en_GB","og_type":"article","og_title":"KKV-k innov\u00e1ci\u00f3s k\u00e9pess\u00e9g\u00e9nek t\u00e1mogat\u00e1sa","og_description":"KKV-k innov\u00e1ci\u00f3s k\u00e9pess\u00e9g\u00e9nek t\u00e1mogat\u00e1sa p\u00e1ly\u00e1zat A kedvezm\u00e9nyezett neve: Anteus Fejleszt\u0151, Kereskedelmi \u00e9s Szolg\u00e1ltat\u00f3 Kft. A projekt azonos\u00edt\u00f3 sz\u00e1ma: GINOP_PLUSZ-2.1.3-24-2025-00592 A fejleszt\u00e9s t\u00e1rgya: Komplex folyamat innov\u00e1ci\u00f3s fejleszt\u00e9s megval\u00f3s\u00edt\u00e1sa az Anteus Kft-n\u00e9l A szerz\u0151d\u00f6tt t\u00e1mogat\u00e1s \u00f6sszege: 49 770\u00a0301 Ft A projekt tartalm\u00e1nak r\u00e9szletes bemutat\u00e1sa: A \u201eGINOP Plusz-2.1.3-24 &#8211; KKV-k innov\u00e1ci\u00f3s k\u00e9pess\u00e9g\u00e9nek t\u00e1mogat\u00e1sa\u201d c\u00edm\u0171 p\u00e1ly\u00e1zati ki\u00edr\u00e1s keret\u00e9ben lehet\u0151s\u00e9g\u00fcnk [&hellip;]","og_url":"https:\/\/anteus.hu\/en\/tamogatasa-kkv-k-innovacios-kepessegenek\/","og_site_name":"Anteus","article_publisher":"https:\/\/www.facebook.com\/anteushungary","article_modified_time":"2026-01-13T12:19:43+00:00","og_image":[{"width":1337,"height":400,"url":"https:\/\/anteus.hu\/wp-content\/uploads\/2026\/01\/Szechenyi-Terv-Plusz-infoblokk.jpg","type":"image\/jpeg"}],"twitter_card":"summary_large_image","twitter_misc":{"Estimated reading time":"3 minutes"},"schema":{"@context":"https:\/\/schema.org","@graph":[{"@type":"WebPage","@id":"https:\/\/anteus.hu\/kkv-k-innovacios-kepessegenek-tamogatasa\/","url":"https:\/\/anteus.hu\/kkv-k-innovacios-kepessegenek-tamogatasa\/","name":"Supporting the innovation capacity of SMEs - Anteus","isPartOf":{"@id":"https:\/\/anteus.hu\/#website"},"primaryImageOfPage":{"@id":"https:\/\/anteus.hu\/kkv-k-innovacios-kepessegenek-tamogatasa\/#primaryimage"},"image":{"@id":"https:\/\/anteus.hu\/kkv-k-innovacios-kepessegenek-tamogatasa\/#primaryimage"},"thumbnailUrl":"https:\/\/anteus.hu\/wp-content\/uploads\/2026\/01\/Szechenyi-Terv-Plusz-infoblokk-1024x306.jpg","datePublished":"2026-01-09T17:06:10+00:00","dateModified":"2026-01-13T12:19:43+00:00","breadcrumb":{"@id":"https:\/\/anteus.hu\/kkv-k-innovacios-kepessegenek-tamogatasa\/#breadcrumb"},"inLanguage":"en-GB","potentialAction":[{"@type":"ReadAction","target":["https:\/\/anteus.hu\/kkv-k-innovacios-kepessegenek-tamogatasa\/"]}]},{"@type":"ImageObject","inLanguage":"en-GB","@id":"https:\/\/anteus.hu\/kkv-k-innovacios-kepessegenek-tamogatasa\/#primaryimage","url":"https:\/\/anteus.hu\/wp-content\/uploads\/2026\/01\/Szechenyi-Terv-Plusz-infoblokk-1024x306.jpg","contentUrl":"https:\/\/anteus.hu\/wp-content\/uploads\/2026\/01\/Szechenyi-Terv-Plusz-infoblokk-1024x306.jpg"},{"@type":"BreadcrumbList","@id":"https:\/\/anteus.hu\/kkv-k-innovacios-kepessegenek-tamogatasa\/#breadcrumb","itemListElement":[{"@type":"ListItem","position":1,"name":"Kezd\u0151lap","item":"https:\/\/anteus.hu\/"},{"@type":"ListItem","position":2,"name":"KKV-k innov\u00e1ci\u00f3s k\u00e9pess\u00e9g\u00e9nek t\u00e1mogat\u00e1sa"}]},{"@type":"WebSite","@id":"https:\/\/anteus.hu\/#website","url":"https:\/\/anteus.hu\/","name":"Anteus","description":"Maximum security. Smooth parking.","publisher":{"@id":"https:\/\/anteus.hu\/#organization"},"potentialAction":[{"@type":"SearchAction","target":{"@type":"EntryPoint","urlTemplate":"https:\/\/anteus.hu\/?s={search_term_string}"},"query-input":{"@type":"PropertyValueSpecification","valueRequired":true,"valueName":"search_term_string"}}],"inLanguage":"en-GB"},{"@type":"Organization","@id":"https:\/\/anteus.hu\/#organization","name":"Anteus","url":"https:\/\/anteus.hu\/","logo":{"@type":"ImageObject","inLanguage":"en-GB","@id":"https:\/\/anteus.hu\/#\/schema\/logo\/image\/","url":"https:\/\/anteus.hu\/wp-content\/uploads\/2024\/10\/cropped-anteus-logo.png","contentUrl":"https:\/\/anteus.hu\/wp-content\/uploads\/2024\/10\/cropped-anteus-logo.png","width":365,"height":96,"caption":"Anteus"},"image":{"@id":"https:\/\/anteus.hu\/#\/schema\/logo\/image\/"},"sameAs":["https:\/\/www.facebook.com\/anteushungary"]}]}},"_links":{"self":[{"href":"https:\/\/anteus.hu\/en\/wp-json\/wp\/v2\/pages\/6475","targetHints":{"allow":["GET"]}}],"collection":[{"href":"https:\/\/anteus.hu\/en\/wp-json\/wp\/v2\/pages"}],"about":[{"href":"https:\/\/anteus.hu\/en\/wp-json\/wp\/v2\/types\/page"}],"author":[{"embeddable":true,"href":"https:\/\/anteus.hu\/en\/wp-json\/wp\/v2\/users\/2"}],"replies":[{"embeddable":true,"href":"https:\/\/anteus.hu\/en\/wp-json\/wp\/v2\/comments?post=6475"}],"version-history":[{"count":22,"href":"https:\/\/anteus.hu\/en\/wp-json\/wp\/v2\/pages\/6475\/revisions"}],"predecessor-version":[{"id":6511,"href":"https:\/\/anteus.hu\/en\/wp-json\/wp\/v2\/pages\/6475\/revisions\/6511"}],"wp:attachment":[{"href":"https:\/\/anteus.hu\/en\/wp-json\/wp\/v2\/media?parent=6475"}],"curies":[{"name":"wp","href":"https:\/\/api.w.org\/{rel}","templated":true}]}}