{"id":6475,"date":"2026-01-09T18:06:10","date_gmt":"2026-01-09T17:06:10","guid":{"rendered":"https:\/\/anteus.hu\/?page_id=6475"},"modified":"2026-01-13T13:19:43","modified_gmt":"2026-01-13T12:19:43","slug":"tamogatasa-kkv-k-innovacios-kepessegenek","status":"publish","type":"page","link":"https:\/\/anteus.hu\/ro\/kkv-k-innovacios-kepessegenek-tamogatasa\/","title":{"rendered":"Sprijinirea capacit\u0103\u021bii de inovare a IMM-urilor"},"content":{"rendered":"<div data-elementor-type=\"wp-page\" data-elementor-id=\"6475\" class=\"elementor elementor-6475\" data-elementor-post-type=\"page\">\n\t\t\t\t<div class=\"elementor-element elementor-element-4525daa elementor-hidden-desktop elementor-hidden-tablet elementor-hidden-mobile e-flex e-con-boxed e-con e-parent\" data-id=\"4525daa\" data-element_type=\"container\" data-e-type=\"container\" data-settings=\"{&quot;background_background&quot;:&quot;classic&quot;}\">\n\t\t\t\t\t<div class=\"e-con-inner\">\n\t\t\t\t<div class=\"elementor-element elementor-element-43c8fad elementor-widget elementor-widget-heading\" data-id=\"43c8fad\" data-element_type=\"widget\" data-e-type=\"widget\" data-widget_type=\"heading.default\">\n\t\t\t\t<div class=\"elementor-widget-container\">\n\t\t\t\t\t<h1 class=\"elementor-heading-title elementor-size-default\">Sprijin pentru capacitatea de inovare a IMM-urilor Cerere de propuneri<\/h1>\t\t\t\t<\/div>\n\t\t\t\t<\/div>\n\t\t\t\t\t<\/div>\n\t\t\t\t<\/div>\n\t\t<div class=\"elementor-element elementor-element-0f4699a e-flex e-con-boxed e-con e-parent\" data-id=\"0f4699a\" data-element_type=\"container\" data-e-type=\"container\">\n\t\t\t\t\t<div class=\"e-con-inner\">\n\t\t\t\t<div class=\"elementor-element elementor-element-d5b6202 elementor-widget elementor-widget-image\" data-id=\"d5b6202\" data-element_type=\"widget\" data-e-type=\"widget\" data-widget_type=\"image.default\">\n\t\t\t\t<div class=\"elementor-widget-container\">\n\t\t\t\t\t\t\t\t\t\t\t\t\t\t\t<img fetchpriority=\"high\" decoding=\"async\" src=\"https:\/\/anteus.hu\/wp-content\/uploads\/2026\/01\/Szechenyi-Terv-Plusz-infoblokk-1024x306.jpg\" height=\"239\" width=\"800\" srcset=\"https:\/\/anteus.hu\/wp-content\/uploads\/2026\/01\/Szechenyi-Terv-Plusz-infoblokk-1024x306.jpg 1024w, https:\/\/anteus.hu\/wp-content\/uploads\/2026\/01\/Szechenyi-Terv-Plusz-infoblokk-300x90.jpg 300w, https:\/\/anteus.hu\/wp-content\/uploads\/2026\/01\/Szechenyi-Terv-Plusz-infoblokk-768x230.jpg 768w, https:\/\/anteus.hu\/wp-content\/uploads\/2026\/01\/Szechenyi-Terv-Plusz-infoblokk-18x5.jpg 18w, https:\/\/anteus.hu\/wp-content\/uploads\/2026\/01\/Szechenyi-Terv-Plusz-infoblokk.jpg 1337w\" sizes=\"(max-width: 800px) 100vw, 800px\" class=\"attachment-large size-large wp-image-6465 sp-no-webp\" alt=\"\"> \t\t\t\t\t\t\t\t\t\t\t\t\t\t\t<\/div>\n\t\t\t\t<\/div>\n\t\t\t\t<div class=\"elementor-element elementor-element-ac1410a elementor-widget__width-inherit elementor-widget-tablet__width-inherit elementor-widget elementor-widget-text-editor\" data-id=\"ac1410a\" data-element_type=\"widget\" data-e-type=\"widget\" data-widget_type=\"text-editor.default\">\n\t\t\t\t<div class=\"elementor-widget-container\">\n\t\t\t\t\t\t\t\t\t<p><b>Numele beneficiarului:<\/b> <span style=\"font-weight: 400;\">Anteus Development, Trade and Service Ltd.<\/span><\/p><p><b>Num\u0103rul de identificare al proiectului: <\/b> <span style=\"font-weight: 400;\">GINOP_PLUSZ-2.1.3-24-2025-00592<\/span><\/p><p><b>Obiectul dezvolt\u0103rii:<\/b> <span style=\"font-weight: 400;\">Implementarea unui proces complex de dezvoltare a inov\u0103rii la Anteus Ltd.<\/span><\/p><p><b>Valoarea ajutorului contractat: <\/b><span style=\"font-weight: 400;\">49 770 301 Ft<\/span><\/p><p><b>O descriere detaliat\u0103 a con\u021binutului proiectului:<\/b><\/p><p><span style=\"font-weight: 400;\">\u00cen cadrul cererii de propuneri \u201eGINOP Plus-2.1.3-24 - Sprijinirea capacit\u0103\u021bii de inovare a IMM-urilor\u201d, avem ocazia s\u0103 inov\u0103m procesele noastre de produc\u021bie \u0219i de comercializare:<\/span><\/p><p><span style=\"font-weight: 400;\">Proiectul de inovare al Anteus Ltd. vizeaz\u0103 digitalizarea complet\u0103 a proceselor de proiectare, produc\u021bie, fabrica\u021bie, gestionare a proiectelor \u0219i marketing ale companiei. \u00cen prezent, compania dezvolt\u0103, produce \u0219i instaleaz\u0103 sisteme de control al accesului \u0219i de pontaj, dar multe p\u0103r\u021bi ale opera\u021biunilor sale sunt manuale \u0219i izolate.<\/span><\/p><p><span style=\"font-weight: 400;\">Dezvoltarea va include implementarea unui sistem ERP complex, integrat, care va sprijini toate procesele companiei \u00een timp real - de la v\u00e2nz\u0103ri, proiectare \u0219i produc\u021bie la depozitare, instalare \u0219i service.<\/span><\/p><p><span style=\"font-weight: 400;\">Prin punerea \u00een aplicare a sistemului:<\/span><\/p><ul><li style=\"font-weight: 400;\" aria-level=\"1\"><span style=\"font-weight: 400;\">automatiza\u021bi \u0219i ra\u021bionaliza\u021bi preg\u0103tirea ofertelor, produc\u021bia \u0219i sarcinile de gestionare a proiectelor,<\/span><\/li><li style=\"font-weight: 400;\" aria-level=\"1\"><span style=\"font-weight: 400;\">gestionarea la zi a stocurilor \u0219i a depozitelor,<\/span><\/li><li style=\"font-weight: 400;\" aria-level=\"1\"><span style=\"font-weight: 400;\">\u00eembun\u0103t\u0103\u021birea trasabilit\u0103\u021bii proceselor de instalare \u0219i service,<\/span><\/li><li style=\"font-weight: 400;\" aria-level=\"1\"><span style=\"font-weight: 400;\">o singur\u0103 baz\u0103 de date a clien\u021bilor, comunicare automat\u0103 \u0219i activitate de marketing m\u0103surabil\u0103.<\/span><\/li><\/ul><p><span style=\"font-weight: 400;\">Ca urmare, afacerea va fi mai eficient\u0103, mai rapid\u0103 \u0219i mai controlabil\u0103, ceea ce va duce la o experien\u021b\u0103 mai bun\u0103 pentru clien\u021bi \u0219i la un serviciu mai competitiv.<\/span><\/p><p><span style=\"font-weight: 400;\">Proiectul este cofinan\u021bat de statul maghiar cu sprijinul Uniunii Europene.<\/span><\/p><p><b>Data planificat\u0103 de finalizare a proiectului este: <\/b><span style=\"font-weight: 400;\">2027.03.31.<\/span><\/p><p><b>Declara\u021bie privind egalitatea de \u0219anse:<\/b><\/p><p><span style=\"font-weight: 400;\">A<\/span> <span style=\"font-weight: 400;\">\u00cen calitate de beneficiar al proiectului GINOP_PLUSZ-2.1.3-24-2025-00592, Anteus Fejleszt\u0151, Kereskedelmi \u00e9s Szolg\u00e1ltat\u00f3 Kft. declar\u0103 c\u0103 respect\u0103 demnitatea uman\u0103 a persoanelor angajate sau care doresc s\u0103 fie angajate \u00een cadrul proiectului pe \u00eentreaga durat\u0103 a proiectului \u0219i c\u0103 va face tot posibilul pentru a pune \u00een aplicare pe deplin principiile \u0219i normele Legii CXXV din 2003 privind egalitatea de tratament \u0219i promovarea egalit\u0103\u021bii de \u0219anse (Legea privind egalitatea de tratament \u0219i promovarea egalit\u0103\u021bii de \u0219anse).\u00a0<\/span><\/p><p><span style=\"font-weight: 400;\">\u00cen plus, se angajeaz\u0103 s\u0103 ofere condi\u021bii de munc\u0103 \u0219i s\u0103 creeze circumstan\u021be care s\u0103 contribuie la p\u0103strarea \u0219i consolidarea acestor valori fundamentale \u0219i la punerea \u00een aplicare a normelor stabilite \u00een Ebktv.<\/span><\/p><p><span style=\"font-weight: 400;\">Acesta va elimina neconformitatea cu legisla\u021bia privind egalitatea de \u0219anse cel t\u00e2rziu \u00een timpul punerii \u00een aplicare a proiectului \u0219i va fi sensibil la dimensiunea de gen \u00een evenimentele sale publice, \u00een comunicarea \u0219i comportamentul legate de dezvoltare: nu va transmite segregare, va reduce prejudec\u0103\u021bile existente cu privire la grupuri.<\/span><\/p><p><span style=\"font-weight: 400;\">\u00cen plus, declara\u021bi c\u0103 ve\u021bi aplica egalitatea de \u0219anse, egalitatea de gen \u0219i Conven\u021bia ONU privind drepturile persoanelor cu handicap, \u00een conformitate cu Decizia 2010\/48\/CE a Consiliului, \u00een timpul punerii \u00een aplicare a proiectului \u0219i c\u0103 ve\u021bi asigura drepturile fundamentale ale persoanelor cu handicap - accesibilitatea, de exemplu prin accesibilitate \u0219i aplicarea standardelor aferente.<\/span><\/p><div id=\"lt-accessibility-devtools\" aria-hidden=\"true\">\u00a0<\/div>\t\t\t\t\t\t\t\t<\/div>\n\t\t\t\t<\/div>\n\t\t\t\t\t<\/div>\n\t\t\t\t<\/div>\n\t\t\t\t<\/div>","protected":false},"excerpt":{"rendered":"<p>KKV-k innov\u00e1ci\u00f3s k\u00e9pess\u00e9g\u00e9nek t\u00e1mogat\u00e1sa p\u00e1ly\u00e1zat A kedvezm\u00e9nyezett neve: Anteus Fejleszt\u0151, Kereskedelmi \u00e9s Szolg\u00e1ltat\u00f3 Kft. A projekt azonos\u00edt\u00f3 sz\u00e1ma: GINOP_PLUSZ-2.1.3-24-2025-00592 A fejleszt\u00e9s t\u00e1rgya: Komplex folyamat innov\u00e1ci\u00f3s fejleszt\u00e9s megval\u00f3s\u00edt\u00e1sa az Anteus Kft-n\u00e9l A szerz\u0151d\u00f6tt t\u00e1mogat\u00e1s \u00f6sszege: 49 770\u00a0301 Ft A projekt tartalm\u00e1nak r\u00e9szletes bemutat\u00e1sa: A \u201eGINOP Plusz-2.1.3-24 &#8211; KKV-k innov\u00e1ci\u00f3s k\u00e9pess\u00e9g\u00e9nek t\u00e1mogat\u00e1sa\u201d c\u00edm\u0171 p\u00e1ly\u00e1zati ki\u00edr\u00e1s keret\u00e9ben lehet\u0151s\u00e9g\u00fcnk [&hellip;]<\/p>\n","protected":false},"author":2,"featured_media":0,"parent":0,"menu_order":0,"comment_status":"closed","ping_status":"closed","template":"","meta":{"footnotes":""},"class_list":["post-6475","page","type-page","status-publish","hentry"],"yoast_head":"<!-- This site is optimized with the Yoast SEO Premium plugin v27.0 (Yoast SEO v27.4) - https:\/\/yoast.com\/product\/yoast-seo-premium-wordpress\/ -->\n<title>KKV-k innov\u00e1ci\u00f3s k\u00e9pess\u00e9g\u00e9nek t\u00e1mogat\u00e1sa - Anteus<\/title>\n<meta name=\"robots\" content=\"index, follow, max-snippet:-1, max-image-preview:large, max-video-preview:-1\" \/>\n<link rel=\"canonical\" href=\"https:\/\/anteus.hu\/ro\/tamogatasa-kkv-k-innovacios-kepessegenek\/\" \/>\n<meta property=\"og:locale\" content=\"ro_RO\" \/>\n<meta property=\"og:type\" content=\"article\" \/>\n<meta property=\"og:title\" content=\"KKV-k innov\u00e1ci\u00f3s k\u00e9pess\u00e9g\u00e9nek t\u00e1mogat\u00e1sa\" \/>\n<meta property=\"og:description\" content=\"KKV-k innov\u00e1ci\u00f3s k\u00e9pess\u00e9g\u00e9nek t\u00e1mogat\u00e1sa p\u00e1ly\u00e1zat A kedvezm\u00e9nyezett neve: Anteus Fejleszt\u0151, Kereskedelmi \u00e9s Szolg\u00e1ltat\u00f3 Kft. A projekt azonos\u00edt\u00f3 sz\u00e1ma: GINOP_PLUSZ-2.1.3-24-2025-00592 A fejleszt\u00e9s t\u00e1rgya: Komplex folyamat innov\u00e1ci\u00f3s fejleszt\u00e9s megval\u00f3s\u00edt\u00e1sa az Anteus Kft-n\u00e9l A szerz\u0151d\u00f6tt t\u00e1mogat\u00e1s \u00f6sszege: 49 770\u00a0301 Ft A projekt tartalm\u00e1nak r\u00e9szletes bemutat\u00e1sa: A \u201eGINOP Plusz-2.1.3-24 &#8211; KKV-k innov\u00e1ci\u00f3s k\u00e9pess\u00e9g\u00e9nek t\u00e1mogat\u00e1sa\u201d c\u00edm\u0171 p\u00e1ly\u00e1zati ki\u00edr\u00e1s keret\u00e9ben lehet\u0151s\u00e9g\u00fcnk [&hellip;]\" \/>\n<meta property=\"og:url\" content=\"https:\/\/anteus.hu\/ro\/tamogatasa-kkv-k-innovacios-kepessegenek\/\" \/>\n<meta property=\"og:site_name\" content=\"Anteus\" \/>\n<meta property=\"article:publisher\" content=\"https:\/\/www.facebook.com\/anteushungary\" \/>\n<meta property=\"article:modified_time\" content=\"2026-01-13T12:19:43+00:00\" \/>\n<meta property=\"og:image\" content=\"https:\/\/anteus.hu\/wp-content\/uploads\/2026\/01\/Szechenyi-Terv-Plusz-infoblokk.jpg\" \/>\n\t<meta property=\"og:image:width\" content=\"1337\" \/>\n\t<meta property=\"og:image:height\" content=\"400\" \/>\n\t<meta property=\"og:image:type\" content=\"image\/jpeg\" \/>\n<meta name=\"twitter:card\" content=\"summary_large_image\" \/>\n<meta name=\"twitter:label1\" content=\"Timp estimat pentru citire\" \/>\n\t<meta name=\"twitter:data1\" content=\"3 minute\" \/>\n<script type=\"application\/ld+json\" class=\"yoast-schema-graph\">{\"@context\":\"https:\\\/\\\/schema.org\",\"@graph\":[{\"@type\":\"WebPage\",\"@id\":\"https:\\\/\\\/anteus.hu\\\/kkv-k-innovacios-kepessegenek-tamogatasa\\\/\",\"url\":\"https:\\\/\\\/anteus.hu\\\/kkv-k-innovacios-kepessegenek-tamogatasa\\\/\",\"name\":\"KKV-k innov\u00e1ci\u00f3s k\u00e9pess\u00e9g\u00e9nek t\u00e1mogat\u00e1sa - Anteus\",\"isPartOf\":{\"@id\":\"https:\\\/\\\/anteus.hu\\\/#website\"},\"primaryImageOfPage\":{\"@id\":\"https:\\\/\\\/anteus.hu\\\/kkv-k-innovacios-kepessegenek-tamogatasa\\\/#primaryimage\"},\"image\":{\"@id\":\"https:\\\/\\\/anteus.hu\\\/kkv-k-innovacios-kepessegenek-tamogatasa\\\/#primaryimage\"},\"thumbnailUrl\":\"https:\\\/\\\/anteus.hu\\\/wp-content\\\/uploads\\\/2026\\\/01\\\/Szechenyi-Terv-Plusz-infoblokk-1024x306.jpg\",\"datePublished\":\"2026-01-09T17:06:10+00:00\",\"dateModified\":\"2026-01-13T12:19:43+00:00\",\"breadcrumb\":{\"@id\":\"https:\\\/\\\/anteus.hu\\\/kkv-k-innovacios-kepessegenek-tamogatasa\\\/#breadcrumb\"},\"inLanguage\":\"ro-RO\",\"potentialAction\":[{\"@type\":\"ReadAction\",\"target\":[\"https:\\\/\\\/anteus.hu\\\/kkv-k-innovacios-kepessegenek-tamogatasa\\\/\"]}]},{\"@type\":\"ImageObject\",\"inLanguage\":\"ro-RO\",\"@id\":\"https:\\\/\\\/anteus.hu\\\/kkv-k-innovacios-kepessegenek-tamogatasa\\\/#primaryimage\",\"url\":\"https:\\\/\\\/anteus.hu\\\/wp-content\\\/uploads\\\/2026\\\/01\\\/Szechenyi-Terv-Plusz-infoblokk-1024x306.jpg\",\"contentUrl\":\"https:\\\/\\\/anteus.hu\\\/wp-content\\\/uploads\\\/2026\\\/01\\\/Szechenyi-Terv-Plusz-infoblokk-1024x306.jpg\"},{\"@type\":\"BreadcrumbList\",\"@id\":\"https:\\\/\\\/anteus.hu\\\/kkv-k-innovacios-kepessegenek-tamogatasa\\\/#breadcrumb\",\"itemListElement\":[{\"@type\":\"ListItem\",\"position\":1,\"name\":\"Kezd\u0151lap\",\"item\":\"https:\\\/\\\/anteus.hu\\\/\"},{\"@type\":\"ListItem\",\"position\":2,\"name\":\"KKV-k innov\u00e1ci\u00f3s k\u00e9pess\u00e9g\u00e9nek t\u00e1mogat\u00e1sa\"}]},{\"@type\":\"WebSite\",\"@id\":\"https:\\\/\\\/anteus.hu\\\/#website\",\"url\":\"https:\\\/\\\/anteus.hu\\\/\",\"name\":\"Anteus\",\"description\":\"Maxim\u00e1lis biztons\u00e1g. G\u00f6rd\u00fcl\u00e9keny parkol\u00e1s.\",\"publisher\":{\"@id\":\"https:\\\/\\\/anteus.hu\\\/#organization\"},\"potentialAction\":[{\"@type\":\"SearchAction\",\"target\":{\"@type\":\"EntryPoint\",\"urlTemplate\":\"https:\\\/\\\/anteus.hu\\\/?s={search_term_string}\"},\"query-input\":{\"@type\":\"PropertyValueSpecification\",\"valueRequired\":true,\"valueName\":\"search_term_string\"}}],\"inLanguage\":\"ro-RO\"},{\"@type\":\"Organization\",\"@id\":\"https:\\\/\\\/anteus.hu\\\/#organization\",\"name\":\"Anteus\",\"url\":\"https:\\\/\\\/anteus.hu\\\/\",\"logo\":{\"@type\":\"ImageObject\",\"inLanguage\":\"ro-RO\",\"@id\":\"https:\\\/\\\/anteus.hu\\\/#\\\/schema\\\/logo\\\/image\\\/\",\"url\":\"https:\\\/\\\/anteus.hu\\\/wp-content\\\/uploads\\\/2024\\\/10\\\/cropped-anteus-logo.png\",\"contentUrl\":\"https:\\\/\\\/anteus.hu\\\/wp-content\\\/uploads\\\/2024\\\/10\\\/cropped-anteus-logo.png\",\"width\":365,\"height\":96,\"caption\":\"Anteus\"},\"image\":{\"@id\":\"https:\\\/\\\/anteus.hu\\\/#\\\/schema\\\/logo\\\/image\\\/\"},\"sameAs\":[\"https:\\\/\\\/www.facebook.com\\\/anteushungary\"]}]}<\/script>\n<!-- \/ Yoast SEO Premium plugin. -->","yoast_head_json":{"title":"Sprijinirea capacit\u0103\u021bii de inovare a IMM-urilor - Anteus","robots":{"index":"index","follow":"follow","max-snippet":"max-snippet:-1","max-image-preview":"max-image-preview:large","max-video-preview":"max-video-preview:-1"},"canonical":"https:\/\/anteus.hu\/ro\/tamogatasa-kkv-k-innovacios-kepessegenek\/","og_locale":"ro_RO","og_type":"article","og_title":"KKV-k innov\u00e1ci\u00f3s k\u00e9pess\u00e9g\u00e9nek t\u00e1mogat\u00e1sa","og_description":"KKV-k innov\u00e1ci\u00f3s k\u00e9pess\u00e9g\u00e9nek t\u00e1mogat\u00e1sa p\u00e1ly\u00e1zat A kedvezm\u00e9nyezett neve: Anteus Fejleszt\u0151, Kereskedelmi \u00e9s Szolg\u00e1ltat\u00f3 Kft. A projekt azonos\u00edt\u00f3 sz\u00e1ma: GINOP_PLUSZ-2.1.3-24-2025-00592 A fejleszt\u00e9s t\u00e1rgya: Komplex folyamat innov\u00e1ci\u00f3s fejleszt\u00e9s megval\u00f3s\u00edt\u00e1sa az Anteus Kft-n\u00e9l A szerz\u0151d\u00f6tt t\u00e1mogat\u00e1s \u00f6sszege: 49 770\u00a0301 Ft A projekt tartalm\u00e1nak r\u00e9szletes bemutat\u00e1sa: A \u201eGINOP Plusz-2.1.3-24 &#8211; KKV-k innov\u00e1ci\u00f3s k\u00e9pess\u00e9g\u00e9nek t\u00e1mogat\u00e1sa\u201d c\u00edm\u0171 p\u00e1ly\u00e1zati ki\u00edr\u00e1s keret\u00e9ben lehet\u0151s\u00e9g\u00fcnk [&hellip;]","og_url":"https:\/\/anteus.hu\/ro\/tamogatasa-kkv-k-innovacios-kepessegenek\/","og_site_name":"Anteus","article_publisher":"https:\/\/www.facebook.com\/anteushungary","article_modified_time":"2026-01-13T12:19:43+00:00","og_image":[{"width":1337,"height":400,"url":"https:\/\/anteus.hu\/wp-content\/uploads\/2026\/01\/Szechenyi-Terv-Plusz-infoblokk.jpg","type":"image\/jpeg"}],"twitter_card":"summary_large_image","twitter_misc":{"Timp estimat pentru citire":"3 minute"},"schema":{"@context":"https:\/\/schema.org","@graph":[{"@type":"WebPage","@id":"https:\/\/anteus.hu\/kkv-k-innovacios-kepessegenek-tamogatasa\/","url":"https:\/\/anteus.hu\/kkv-k-innovacios-kepessegenek-tamogatasa\/","name":"Sprijinirea capacit\u0103\u021bii de inovare a IMM-urilor - Anteus","isPartOf":{"@id":"https:\/\/anteus.hu\/#website"},"primaryImageOfPage":{"@id":"https:\/\/anteus.hu\/kkv-k-innovacios-kepessegenek-tamogatasa\/#primaryimage"},"image":{"@id":"https:\/\/anteus.hu\/kkv-k-innovacios-kepessegenek-tamogatasa\/#primaryimage"},"thumbnailUrl":"https:\/\/anteus.hu\/wp-content\/uploads\/2026\/01\/Szechenyi-Terv-Plusz-infoblokk-1024x306.jpg","datePublished":"2026-01-09T17:06:10+00:00","dateModified":"2026-01-13T12:19:43+00:00","breadcrumb":{"@id":"https:\/\/anteus.hu\/kkv-k-innovacios-kepessegenek-tamogatasa\/#breadcrumb"},"inLanguage":"ro-RO","potentialAction":[{"@type":"ReadAction","target":["https:\/\/anteus.hu\/kkv-k-innovacios-kepessegenek-tamogatasa\/"]}]},{"@type":"ImageObject","inLanguage":"ro-RO","@id":"https:\/\/anteus.hu\/kkv-k-innovacios-kepessegenek-tamogatasa\/#primaryimage","url":"https:\/\/anteus.hu\/wp-content\/uploads\/2026\/01\/Szechenyi-Terv-Plusz-infoblokk-1024x306.jpg","contentUrl":"https:\/\/anteus.hu\/wp-content\/uploads\/2026\/01\/Szechenyi-Terv-Plusz-infoblokk-1024x306.jpg"},{"@type":"BreadcrumbList","@id":"https:\/\/anteus.hu\/kkv-k-innovacios-kepessegenek-tamogatasa\/#breadcrumb","itemListElement":[{"@type":"ListItem","position":1,"name":"Kezd\u0151lap","item":"https:\/\/anteus.hu\/"},{"@type":"ListItem","position":2,"name":"KKV-k innov\u00e1ci\u00f3s k\u00e9pess\u00e9g\u00e9nek t\u00e1mogat\u00e1sa"}]},{"@type":"WebSite","@id":"https:\/\/anteus.hu\/#website","url":"https:\/\/anteus.hu\/","name":"Anteus","description":"Securitate maxim\u0103. Parcare f\u0103r\u0103 probleme.","publisher":{"@id":"https:\/\/anteus.hu\/#organization"},"potentialAction":[{"@type":"SearchAction","target":{"@type":"EntryPoint","urlTemplate":"https:\/\/anteus.hu\/?s={search_term_string}"},"query-input":{"@type":"PropertyValueSpecification","valueRequired":true,"valueName":"search_term_string"}}],"inLanguage":"ro-RO"},{"@type":"Organization","@id":"https:\/\/anteus.hu\/#organization","name":"Anteus","url":"https:\/\/anteus.hu\/","logo":{"@type":"ImageObject","inLanguage":"ro-RO","@id":"https:\/\/anteus.hu\/#\/schema\/logo\/image\/","url":"https:\/\/anteus.hu\/wp-content\/uploads\/2024\/10\/cropped-anteus-logo.png","contentUrl":"https:\/\/anteus.hu\/wp-content\/uploads\/2024\/10\/cropped-anteus-logo.png","width":365,"height":96,"caption":"Anteus"},"image":{"@id":"https:\/\/anteus.hu\/#\/schema\/logo\/image\/"},"sameAs":["https:\/\/www.facebook.com\/anteushungary"]}]}},"_links":{"self":[{"href":"https:\/\/anteus.hu\/ro\/wp-json\/wp\/v2\/pages\/6475","targetHints":{"allow":["GET"]}}],"collection":[{"href":"https:\/\/anteus.hu\/ro\/wp-json\/wp\/v2\/pages"}],"about":[{"href":"https:\/\/anteus.hu\/ro\/wp-json\/wp\/v2\/types\/page"}],"author":[{"embeddable":true,"href":"https:\/\/anteus.hu\/ro\/wp-json\/wp\/v2\/users\/2"}],"replies":[{"embeddable":true,"href":"https:\/\/anteus.hu\/ro\/wp-json\/wp\/v2\/comments?post=6475"}],"version-history":[{"count":22,"href":"https:\/\/anteus.hu\/ro\/wp-json\/wp\/v2\/pages\/6475\/revisions"}],"predecessor-version":[{"id":6511,"href":"https:\/\/anteus.hu\/ro\/wp-json\/wp\/v2\/pages\/6475\/revisions\/6511"}],"wp:attachment":[{"href":"https:\/\/anteus.hu\/ro\/wp-json\/wp\/v2\/media?parent=6475"}],"curies":[{"name":"wp","href":"https:\/\/api.w.org\/{rel}","templated":true}]}}